{"id":1115,"date":"2020-07-08T11:15:02","date_gmt":"2020-07-08T11:15:02","guid":{"rendered":"http:\/\/hcc-karneval.de\/?page_id=1115"},"modified":"2020-07-08T11:53:42","modified_gmt":"2020-07-08T11:53:42","slug":"jahreshauptsversammlung-2020","status":"publish","type":"page","link":"https:\/\/hcc-karneval.de\/?page_id=1115","title":{"rendered":"Jahreshauptsversammlung 2020"},"content":{"rendered":"\t\t<div data-elementor-type=\"wp-page\" data-elementor-id=\"1115\" class=\"elementor elementor-1115\">\n\t\t\t\t\t\t<div class=\"elementor-inner\">\n\t\t\t\t<div class=\"elementor-section-wrap\">\n\t\t\t\t\t\t\t\t\t<section class=\"elementor-section elementor-top-section elementor-element elementor-element-85777c9 elementor-section-boxed elementor-section-height-default elementor-section-height-default\" data-id=\"85777c9\" data-element_type=\"section\">\n\t\t\t\t\t\t<div class=\"elementor-container elementor-column-gap-default\">\n\t\t\t\t\t\t\t<div class=\"elementor-row\">\n\t\t\t\t\t<div class=\"elementor-column elementor-col-100 elementor-top-column elementor-element elementor-element-beb345f\" data-id=\"beb345f\" data-element_type=\"column\">\n\t\t\t<div class=\"elementor-column-wrap elementor-element-populated\">\n\t\t\t\t\t\t\t<div class=\"elementor-widget-wrap\">\n\t\t\t\t\t\t<div class=\"elementor-element elementor-element-97c0935 elementor-widget elementor-widget-heading\" data-id=\"97c0935\" data-element_type=\"widget\" data-widget_type=\"heading.default\">\n\t\t\t\t<div class=\"elementor-widget-container\">\n\t\t\t<h1 class=\"elementor-heading-title elementor-size-default\">Jahreshauptversammlung des Hambr\u00fccker Carnevalsclubs<\/h1>\t\t<\/div>\n\t\t\t\t<\/div>\n\t\t\t\t\t\t<\/div>\n\t\t\t\t\t<\/div>\n\t\t<\/div>\n\t\t\t\t\t\t\t\t<\/div>\n\t\t\t\t\t<\/div>\n\t\t<\/section>\n\t\t\t\t<section class=\"elementor-section elementor-top-section elementor-element elementor-element-ee97486 elementor-section-boxed elementor-section-height-default elementor-section-height-default\" data-id=\"ee97486\" data-element_type=\"section\">\n\t\t\t\t\t\t<div class=\"elementor-container elementor-column-gap-default\">\n\t\t\t\t\t\t\t<div class=\"elementor-row\">\n\t\t\t\t\t<div class=\"elementor-column elementor-col-100 elementor-top-column elementor-element elementor-element-d7e67af\" data-id=\"d7e67af\" data-element_type=\"column\">\n\t\t\t<div class=\"elementor-column-wrap elementor-element-populated\">\n\t\t\t\t\t\t\t<div class=\"elementor-widget-wrap\">\n\t\t\t\t\t\t<section class=\"elementor-section elementor-inner-section elementor-element elementor-element-e68ba7b elementor-section-boxed elementor-section-height-default elementor-section-height-default\" data-id=\"e68ba7b\" data-element_type=\"section\">\n\t\t\t\t\t\t<div class=\"elementor-container elementor-column-gap-default\">\n\t\t\t\t\t\t\t<div class=\"elementor-row\">\n\t\t\t\t\t<div class=\"elementor-column elementor-col-50 elementor-inner-column elementor-element elementor-element-87840b6\" data-id=\"87840b6\" data-element_type=\"column\">\n\t\t\t<div class=\"elementor-column-wrap elementor-element-populated\">\n\t\t\t\t\t\t\t<div class=\"elementor-widget-wrap\">\n\t\t\t\t\t\t<div class=\"elementor-element elementor-element-54b8354 elementor-widget elementor-widget-image\" data-id=\"54b8354\" data-element_type=\"widget\" data-widget_type=\"image.default\">\n\t\t\t\t<div class=\"elementor-widget-container\">\n\t\t\t\t\t\t\t\t<div class=\"elementor-image\">\n\t\t\t\t\t\t\t\t\t\t\t\t<img decoding=\"async\" width=\"525\" height=\"350\" src=\"https:\/\/hcc-karneval.de\/wp-content\/uploads\/2020\/07\/JHV-HCC-04.07.2020_0034-1-1024x683.jpg\" class=\"attachment-large size-large wp-image-1112\" alt=\"\" loading=\"lazy\" srcset=\"https:\/\/hcc-karneval.de\/wp-content\/uploads\/2020\/07\/JHV-HCC-04.07.2020_0034-1-1024x683.jpg 1024w, https:\/\/hcc-karneval.de\/wp-content\/uploads\/2020\/07\/JHV-HCC-04.07.2020_0034-1-300x200.jpg 300w, https:\/\/hcc-karneval.de\/wp-content\/uploads\/2020\/07\/JHV-HCC-04.07.2020_0034-1-768x512.jpg 768w, https:\/\/hcc-karneval.de\/wp-content\/uploads\/2020\/07\/JHV-HCC-04.07.2020_0034-1-1536x1024.jpg 1536w, https:\/\/hcc-karneval.de\/wp-content\/uploads\/2020\/07\/JHV-HCC-04.07.2020_0034-1-2048x1365.jpg 2048w\" sizes=\"100vw\" \/>\t\t\t\t\t\t\t\t\t\t\t\t\t\t<\/div>\n\t\t\t\t\t\t<\/div>\n\t\t\t\t<\/div>\n\t\t\t\t<div class=\"elementor-element elementor-element-8ac7d92 elementor-widget elementor-widget-text-editor\" data-id=\"8ac7d92\" data-element_type=\"widget\" data-widget_type=\"text-editor.default\">\n\t\t\t\t<div class=\"elementor-widget-container\">\n\t\t\t\t\t\t\t\t<div class=\"elementor-text-editor elementor-clearfix\">\n\t\t\t\t<p>B\u00fcrgermeister a.D. Thomas Ackermann (Bildmitte) wurde f\u00fcr seine Verdienste zum Ehrensenator ernannt<\/p><p>(v.l.n.r.) Ehrenpr\u00e4sident Reiner Rudolph, Vorsitzender Ludwig Marton-Degler, B\u00fcrgermeister a.D. Thomas Ackermann, B\u00fcrgermeister Dr. Marc Wagner und Sitzungspr\u00e4sident Rolf Mayer<\/p>\t\t\t\t\t<\/div>\n\t\t\t\t\t\t<\/div>\n\t\t\t\t<\/div>\n\t\t\t\t\t\t<\/div>\n\t\t\t\t\t<\/div>\n\t\t<\/div>\n\t\t\t\t<div class=\"elementor-column elementor-col-50 elementor-inner-column elementor-element elementor-element-1b1964e\" data-id=\"1b1964e\" data-element_type=\"column\">\n\t\t\t<div class=\"elementor-column-wrap elementor-element-populated\">\n\t\t\t\t\t\t\t<div class=\"elementor-widget-wrap\">\n\t\t\t\t\t\t<div class=\"elementor-element elementor-element-ecdf871 elementor-widget elementor-widget-text-editor\" data-id=\"ecdf871\" data-element_type=\"widget\" data-widget_type=\"text-editor.default\">\n\t\t\t\t<div class=\"elementor-widget-container\">\n\t\t\t\t\t\t\t\t<div class=\"elementor-text-editor elementor-clearfix\">\n\t\t\t\t<p>Hambr\u00fccken (jk) Rund 40 Mitglieder begr\u00fc\u00dfte Pr\u00e4sident Ludwig Marton-Degler im coronagerecht gestalteten Vereinsheim \u201eZur Dreschhalle\u201c zur diesj\u00e4hrigen Jahreshauptversammlung des Hambr\u00fccker Carnevalsclubs 1979 e.V. Nach dem Totengedenken blickte er auf das abgelaufene Jahr zur\u00fcck und brachte seinen Stolz dar\u00fcber zum Ausdruck, Pr\u00e4sident der HCC-Familie sein zu d\u00fcrfen.<\/p><p>Was die anstehende Kampagne angehe, werde man sp\u00e4testens im Oktober entscheiden, wie mit den Veranstaltungen wie Prunksitzung oder dem Umzug im kommenden Jahr verfahren werde.\u00a0<span style=\"font-size: 1rem;\">Besonderes Augenmerk legte er auf die Verleihung der Goldenen L\u00f6wen der Vereinigung badisch-pf\u00e4lzischer Karnevalsvereine an Johann Steinm\u00fcller und Alfred Kretzler.<\/span><\/p><p>Auch die Gro\u00dfveranstaltungen wie Fastnachtsgottesdienst, Prunksitzung und Umzug lie\u00df er nicht unerw\u00e4hnt, wobei er den Abschluss des bunten Umzugstreibens im Vereinsheim als positiv wertete.<span style=\"font-size: 1rem;\"><br \/><\/span><\/p>\t\t\t\t\t<\/div>\n\t\t\t\t\t\t<\/div>\n\t\t\t\t<\/div>\n\t\t\t\t\t\t<\/div>\n\t\t\t\t\t<\/div>\n\t\t<\/div>\n\t\t\t\t\t\t\t\t<\/div>\n\t\t\t\t\t<\/div>\n\t\t<\/section>\n\t\t\t\t<div class=\"elementor-element elementor-element-3c905d5 elementor-widget elementor-widget-text-editor\" data-id=\"3c905d5\" data-element_type=\"widget\" data-widget_type=\"text-editor.default\">\n\t\t\t\t<div class=\"elementor-widget-container\">\n\t\t\t\t\t\t\t\t<div class=\"elementor-text-editor elementor-clearfix\">\n\t\t\t\t<p><span style=\"font-size: 1rem;\">Sein besonderer Dank galt allen, die sich mit ihrem Engagement f\u00fcr das Wohl des Carnevalsclubs einsetzen. Ein herzliches Dankesch\u00f6n ging an die Anwohner des j\u00e4hrlichen Stra\u00dfenfestes, besonders an die Familie Kraus und alle Helfer. Er lobte auch die aktive Rentnertruppe, die sich der Pflege und dem Erhalt der Vereinsanlage widmet. Aktuell habe der HCC 338 Mitglieder, davon 146 Aktive. Kassier Volker K\u00f6hler informierte \u00fcber eine zufriedenstellende Kassenlage. Die Kassenpr\u00fcfer Aaron Kr\u00e4mer und Susanne Sorge best\u00e4tigten ihm eine einwandfreie und ordentliche Kassenf\u00fchrung. Sitzungspr\u00e4sident Rolf Mayer brachte seine Begeisterung \u00fcber die letzte Prunksitzung zum Ausdruck und sagte ebenfalls allen Beteiligten Dank.<\/span><\/p><p>Er k\u00fcndigte an, bei der hoffentlich stattfindenden Prunksitzung im Jahr 2021 das letzte Mal das Amt des Sitzungspr\u00e4sidenten aus\u00fcben zu wollen. Oberzugmarschall Reinhold Weber erstattete Bericht \u00fcber den gelungenen Umzug am Faschingssonntag. Sein besonderer Dank galt hier der Gemeindeverwaltung, der Polizei, der Feuerwehr, dem Malteser Hilfsdienst, dem Jugendschutzteam und nat\u00fcrlich dem Zugf\u00fchrerteam.<\/p><p>Des Weiteren dankte er den Firmen Bestattungsinstitut J\u00e4ckle, BGK-Marketing, Getr\u00e4nke B\u00f6llinger, Globus SB-Warenhaus und Globus Baumarkt, Mayer-Karosseriebau und REWE-Becker. Ein besonderes Dankesch\u00f6n ging an die Familie Kretzler f\u00fcr das Umzugsb\u00fcro und die Anwohner f\u00fcr das Schm\u00fccken der Umzugsstrecke. In Vertretung des Obmanns der Demmellerchen, Ralf Bachmann erstattete deren musikalischer Leiter Adelbert Bischoff Bericht.<\/p><p>Dieser blickte auf 13 Auftritte der S\u00e4ngertruppe mit einem Altersdurchschnitt von \u00fcber 66 Jahren zur\u00fcck, welche derzeit aus 23 Aktiven besteht. Vom M\u00e4nnerballett \u201eAlptraumdivas\u201c berichtete Andre Stritzinger. Dort wird zurzeit die Nachfolge der bisherigen Trainerinnen Martina Ziegler und Elke Ballreich organisiert. Ein besonderes Dankesch\u00f6n hatte er f\u00fcr den guten Geist der Truppe, \u201eMusikprofessor\u201c Fritz D\u00f6rr. Aktuell habe man 14 Ballerinas sowie sechs Passive zu verzeichnen. Gardeministerin Christiane Rudolph sprach den Trainerinnen der verschiedenen Formationen ihren Dank f\u00fcr das Engagement aus. Aktuell gebe es keine Trainingsm\u00f6glichkeiten aufgrund der Vorschriften des Infektionsschutzes in der Corona-Krise.<\/p><p>Seitens der Rentnertruppe erstattete Ehrenpr\u00e4sident Reiner Rudolph Bericht. Die Gr\u00fc\u00dfe von Gemeinderat und Verwaltung \u00fcberbrachte B\u00fcrgermeister Dr. Marc Wagner. Dieser betonte die Wichtigkeit des Vereinslebens und des Ehrenamtes f\u00fcr das soziale Miteinander in Hambr\u00fccken und sicherte dem HCC seine Unterst\u00fctzung zu.<\/p><p>Die Entlastung wurde von Alt-B\u00fcrgermeister Thomas Ackermann vorgeschlagen und von der Versammlung einstimmig erteilt.<\/p><p>Ackermann dankte dem HCC f\u00fcr die gute Zusammenarbeit w\u00e4hrend seiner 16j\u00e4hrigen T\u00e4tigkeit als B\u00fcrgermeister und auch schon davor als Hauptamtsleiter der Gemeinde seit 1992. Das Engagement des HCC sei aller Ehren wert und ihm sei besonders der Nachtumzug des 33j\u00e4hrigen Jubil\u00e4ums des Vereins in sehr positiver Erinnerung geblieben. Er w\u00fcnschte dem Verein f\u00fcr die Zukunft alles Gute.<\/p><p>Bei den anstehenden Neuwahlen wurden die bisherigen Funktion\u00e4re in ihren \u00c4mtern best\u00e4tigt.<\/p><p>Sowohl Pr\u00e4sident Ludwig Marton-Degler als auch Sitzungs-Vizepr\u00e4sident Yannic Mayer, Schatzmeister Volker K\u00f6hler, Schriftf\u00fchrerin Inge K\u00f6hler, Vize-Schriftf\u00fchrerin Sabine Mayer, Oberzugmarschall Reinhold Weber als auch Pressereferent Jochen K\u00f6hler \u00fcben ihre \u00c4mter weiter aus. Susanne Sorge komplettiert das Schriftf\u00fchrerinnenteam.<\/p><p>Zu Beisitzern wurden Wolfgang W\u00fcrges, Alfred Kretzler, Walter Notheis, Thomas Krespach und Stefanie Stritzinger gew\u00e4hlt. Das Amt der Kassenpr\u00fcfer wird von Aaron Kr\u00e4mer und Yannic Mayer ausge\u00fcbt. Ehrenr\u00e4te sind Dieter Debatin, Walter Notheis, Adelbert Bischoff sowie Reiner Rudolph. Ab der n\u00e4chstj\u00e4hrigen Jahreshauptversammlung sollen dann auch die Hitparade sowie die Showtanzgruppen Next Generation ihre Berichte vortragen d\u00fcrfen.<\/p><p>B\u00fcrgermeister Dr. Wagner erhielt zum \u201eEinstand\u201c eine HCC-Kappe in den Vereinsfarben.<\/p><p>Unter dem gro\u00dfen Applaus der Anwesenden wurde als H\u00f6hepunkt der Versammlung der ehemalige B\u00fcrgermeister Thomas Ackermann f\u00fcr seine bleibenden Verdienste um den HCC sowie das Fastnachts-Brauchtum in der Lu\u00dfhardtgemeinde zum Ehrensenator ernannt.<\/p>\t\t\t\t\t<\/div>\n\t\t\t\t\t\t<\/div>\n\t\t\t\t<\/div>\n\t\t\t\t\t\t<\/div>\n\t\t\t\t\t<\/div>\n\t\t<\/div>\n\t\t\t\t\t\t\t\t<\/div>\n\t\t\t\t\t<\/div>\n\t\t<\/section>\n\t\t\t\t\t\t\t\t\t<\/div>\n\t\t\t<\/div>\n\t\t\t\t\t<\/div>\n\t\t","protected":false},"excerpt":{"rendered":"<p>Jahreshauptversammlung des Hambr\u00fccker Carnevalsclubs B\u00fcrgermeister a.D. Thomas Ackermann (Bildmitte) wurde f\u00fcr seine Verdienste zum Ehrensenator ernannt (v.l.n.r.) Ehrenpr\u00e4sident Reiner Rudolph, Vorsitzender Ludwig Marton-Degler, B\u00fcrgermeister a.D. Thomas Ackermann, B\u00fcrgermeister Dr. Marc Wagner und Sitzungspr\u00e4sident Rolf Mayer Hambr\u00fccken (jk) Rund 40 Mitglieder begr\u00fc\u00dfte Pr\u00e4sident Ludwig Marton-Degler im coronagerecht gestalteten Vereinsheim \u201eZur Dreschhalle\u201c zur diesj\u00e4hrigen Jahreshauptversammlung des Hambr\u00fccker &hellip; <\/p>\n<p class=\"link-more\"><a href=\"https:\/\/hcc-karneval.de\/?page_id=1115\" class=\"more-link\"><span class=\"screen-reader-text\">\u201eJahreshauptsversammlung 2020\u201c <\/span>weiterlesen<\/a><\/p>\n","protected":false},"author":1,"featured_media":0,"parent":549,"menu_order":0,"comment_status":"closed","ping_status":"closed","template":"elementor_header_footer","meta":[],"_links":{"self":[{"href":"https:\/\/hcc-karneval.de\/index.php?rest_route=\/wp\/v2\/pages\/1115"}],"collection":[{"href":"https:\/\/hcc-karneval.de\/index.php?rest_route=\/wp\/v2\/pages"}],"about":[{"href":"https:\/\/hcc-karneval.de\/index.php?rest_route=\/wp\/v2\/types\/page"}],"author":[{"embeddable":true,"href":"https:\/\/hcc-karneval.de\/index.php?rest_route=\/wp\/v2\/users\/1"}],"replies":[{"embeddable":true,"href":"https:\/\/hcc-karneval.de\/index.php?rest_route=%2Fwp%2Fv2%2Fcomments&post=1115"}],"version-history":[{"count":6,"href":"https:\/\/hcc-karneval.de\/index.php?rest_route=\/wp\/v2\/pages\/1115\/revisions"}],"predecessor-version":[{"id":1124,"href":"https:\/\/hcc-karneval.de\/index.php?rest_route=\/wp\/v2\/pages\/1115\/revisions\/1124"}],"up":[{"embeddable":true,"href":"https:\/\/hcc-karneval.de\/index.php?rest_route=\/wp\/v2\/pages\/549"}],"wp:attachment":[{"href":"https:\/\/hcc-karneval.de\/index.php?rest_route=%2Fwp%2Fv2%2Fmedia&parent=1115"}],"curies":[{"name":"wp","href":"https:\/\/api.w.org\/{rel}","templated":true}]}}