{"id":1535,"date":"2024-01-31T09:13:00","date_gmt":"2024-01-31T09:13:00","guid":{"rendered":"https:\/\/hcc-karneval.de\/?page_id=1535"},"modified":"2024-01-31T09:20:23","modified_gmt":"2024-01-31T09:20:23","slug":"sommernachtsumzug-2023","status":"publish","type":"page","link":"https:\/\/hcc-karneval.de\/?page_id=1535","title":{"rendered":"Sommernachtsumzug 2022"},"content":{"rendered":"<h2>Sommernachtsumzug beim HCC<\/h2>\n<p>Wie schon die BNN berichtete, Fasenacht bei knapp 30 Grad\u2026\u2026\u2026\u2026\u2026..mal etwas anderes.<\/p>\n<p>So sollte dies auch sein. Einfach mal ein kleiner aber feiner Umzug, der doch Lust auf mehr macht.<\/p>\n<p>Es hat uns allen viel Spa\u00df und Freude gemacht. Der Umzug mit After Hour \u2013 Party wurde sehr gut angenommen, wie uns auch die Besucherzahl zeigte.<\/p>\n<p>Auch das am folgenden Tag stattfindende \u201eSommerfeschd\u201c war (trotz hoher Temperaturen) sehr gut besucht.<\/p>\n<p>F\u00fcr uns war dies ein gelungenes Wochenende und wir hoffen, dass dies im n\u00e4chsten Jahr, bei unserem Jubil\u00e4umsfest auch so gelingen wird.<\/p>\n<p>Vielen Dank hier der ganzen HCC-Familie und allen Helfern, die wieder unerm\u00fcdlich im Einsatz waren.<\/p>\n<figure class=\"gallery-item\">\n\t\t\t\t<a data-elementor-open-lightbox=\"yes\" data-elementor-lightbox-slideshow=\"b7bb084\" data-elementor-lightbox-title=\"20220730_191957\" e-action-hash=\"#elementor-action%3Aaction%3Dlightbox%26settings%3DeyJpZCI6MTIxNywidXJsIjoiaHR0cDpcL1wvaGNjLWthcm5ldmFsLmRlXC93cC1jb250ZW50XC91cGxvYWRzXC8yMDIyXC8wOFwvMjAyMjA3MzBfMTkxOTU3LXNjYWxlZC5qcGciLCJzbGlkZXNob3ciOiJiN2JiMDg0In0%3D\" href=\"http:\/\/hcc-karneval.de\/wp-content\/uploads\/2022\/08\/20220730_191957-scaled.jpg\"><img width=\"150\" height=\"150\" src=\"http:\/\/hcc-karneval.de\/wp-content\/uploads\/2022\/08\/20220730_191957-150x150.jpg\" alt=\"\" decoding=\"async\" loading=\"lazy\" srcset=\"https:\/\/hcc-karneval.de\/wp-content\/uploads\/2022\/08\/20220730_191957-150x150.jpg 150w, https:\/\/hcc-karneval.de\/wp-content\/uploads\/2022\/08\/20220730_191957-100x100.jpg 100w\" sizes=\"100vw\"><\/a><\/figure>\n<figure class=\"gallery-item\">\n\t\t\t\t<a data-elementor-open-lightbox=\"yes\" data-elementor-lightbox-slideshow=\"b7bb084\" data-elementor-lightbox-title=\"20220730_192020\" e-action-hash=\"#elementor-action%3Aaction%3Dlightbox%26settings%3DeyJpZCI6MTIxOCwidXJsIjoiaHR0cDpcL1wvaGNjLWthcm5ldmFsLmRlXC93cC1jb250ZW50XC91cGxvYWRzXC8yMDIyXC8wOFwvMjAyMjA3MzBfMTkyMDIwLXNjYWxlZC5qcGciLCJzbGlkZXNob3ciOiJiN2JiMDg0In0%3D\" href=\"http:\/\/hcc-karneval.de\/wp-content\/uploads\/2022\/08\/20220730_192020-scaled.jpg\"><img width=\"150\" height=\"150\" src=\"http:\/\/hcc-karneval.de\/wp-content\/uploads\/2022\/08\/20220730_192020-150x150.jpg\" alt=\"\" decoding=\"async\" loading=\"lazy\" srcset=\"https:\/\/hcc-karneval.de\/wp-content\/uploads\/2022\/08\/20220730_192020-150x150.jpg 150w, https:\/\/hcc-karneval.de\/wp-content\/uploads\/2022\/08\/20220730_192020-100x100.jpg 100w\" sizes=\"100vw\"><\/a><\/figure>\n<figure class=\"gallery-item\">\n\t\t\t\t<a data-elementor-open-lightbox=\"yes\" data-elementor-lightbox-slideshow=\"b7bb084\" data-elementor-lightbox-title=\"20220730_194123\" e-action-hash=\"#elementor-action%3Aaction%3Dlightbox%26settings%3DeyJpZCI6MTIxOSwidXJsIjoiaHR0cDpcL1wvaGNjLWthcm5ldmFsLmRlXC93cC1jb250ZW50XC91cGxvYWRzXC8yMDIyXC8wOFwvMjAyMjA3MzBfMTk0MTIzLXNjYWxlZC5qcGciLCJzbGlkZXNob3ciOiJiN2JiMDg0In0%3D\" href=\"http:\/\/hcc-karneval.de\/wp-content\/uploads\/2022\/08\/20220730_194123-scaled.jpg\"><img width=\"150\" height=\"150\" src=\"http:\/\/hcc-karneval.de\/wp-content\/uploads\/2022\/08\/20220730_194123-150x150.jpg\" alt=\"\" decoding=\"async\" loading=\"lazy\" srcset=\"https:\/\/hcc-karneval.de\/wp-content\/uploads\/2022\/08\/20220730_194123-150x150.jpg 150w, https:\/\/hcc-karneval.de\/wp-content\/uploads\/2022\/08\/20220730_194123-100x100.jpg 100w\" sizes=\"100vw\"><\/a><\/figure>\n<figure class=\"gallery-item\">\n\t\t\t\t<a data-elementor-open-lightbox=\"yes\" data-elementor-lightbox-slideshow=\"b7bb084\" data-elementor-lightbox-title=\"20220730_194555\" e-action-hash=\"#elementor-action%3Aaction%3Dlightbox%26settings%3DeyJpZCI6MTIyMCwidXJsIjoiaHR0cDpcL1wvaGNjLWthcm5ldmFsLmRlXC93cC1jb250ZW50XC91cGxvYWRzXC8yMDIyXC8wOFwvMjAyMjA3MzBfMTk0NTU1LXNjYWxlZC5qcGciLCJzbGlkZXNob3ciOiJiN2JiMDg0In0%3D\" href=\"http:\/\/hcc-karneval.de\/wp-content\/uploads\/2022\/08\/20220730_194555-scaled.jpg\"><img width=\"150\" height=\"150\" src=\"http:\/\/hcc-karneval.de\/wp-content\/uploads\/2022\/08\/20220730_194555-150x150.jpg\" alt=\"\" decoding=\"async\" loading=\"lazy\" srcset=\"https:\/\/hcc-karneval.de\/wp-content\/uploads\/2022\/08\/20220730_194555-150x150.jpg 150w, https:\/\/hcc-karneval.de\/wp-content\/uploads\/2022\/08\/20220730_194555-100x100.jpg 100w\" sizes=\"100vw\"><\/a><\/figure>\n","protected":false},"excerpt":{"rendered":"<p>Sommernachtsumzug beim HCC Wie schon die BNN berichtete, Fasenacht bei knapp 30 Grad\u2026\u2026\u2026\u2026\u2026..mal etwas anderes. So sollte dies auch sein. Einfach mal ein kleiner aber feiner Umzug, der doch Lust auf mehr macht. Es hat uns allen viel Spa\u00df und Freude gemacht. Der Umzug mit After Hour \u2013 Party wurde sehr gut angenommen, wie uns &hellip; <\/p>\n<p class=\"link-more\"><a href=\"https:\/\/hcc-karneval.de\/?page_id=1535\" class=\"more-link\"><span class=\"screen-reader-text\">\u201eSommernachtsumzug 2022\u201c <\/span>weiterlesen<\/a><\/p>\n","protected":false},"author":1,"featured_media":0,"parent":61,"menu_order":0,"comment_status":"closed","ping_status":"closed","template":"","meta":[],"_links":{"self":[{"href":"https:\/\/hcc-karneval.de\/index.php?rest_route=\/wp\/v2\/pages\/1535"}],"collection":[{"href":"https:\/\/hcc-karneval.de\/index.php?rest_route=\/wp\/v2\/pages"}],"about":[{"href":"https:\/\/hcc-karneval.de\/index.php?rest_route=\/wp\/v2\/types\/page"}],"author":[{"embeddable":true,"href":"https:\/\/hcc-karneval.de\/index.php?rest_route=\/wp\/v2\/users\/1"}],"replies":[{"embeddable":true,"href":"https:\/\/hcc-karneval.de\/index.php?rest_route=%2Fwp%2Fv2%2Fcomments&post=1535"}],"version-history":[{"count":7,"href":"https:\/\/hcc-karneval.de\/index.php?rest_route=\/wp\/v2\/pages\/1535\/revisions"}],"predecessor-version":[{"id":1544,"href":"https:\/\/hcc-karneval.de\/index.php?rest_route=\/wp\/v2\/pages\/1535\/revisions\/1544"}],"up":[{"embeddable":true,"href":"https:\/\/hcc-karneval.de\/index.php?rest_route=\/wp\/v2\/pages\/61"}],"wp:attachment":[{"href":"https:\/\/hcc-karneval.de\/index.php?rest_route=%2Fwp%2Fv2%2Fmedia&parent=1535"}],"curies":[{"name":"wp","href":"https:\/\/api.w.org\/{rel}","templated":true}]}}