{"id":1734,"date":"2025-02-17T10:10:37","date_gmt":"2025-02-17T10:10:37","guid":{"rendered":"https:\/\/hcc-karneval.de\/?page_id=1734"},"modified":"2025-02-17T10:25:50","modified_gmt":"2025-02-17T10:25:50","slug":"prunksitzung-2025","status":"publish","type":"page","link":"https:\/\/hcc-karneval.de\/?page_id=1734","title":{"rendered":"Prunksitzung 2025"},"content":{"rendered":"\t\t<div data-elementor-type=\"wp-page\" data-elementor-id=\"1734\" class=\"elementor elementor-1734\">\n\t\t\t\t\t\t<div class=\"elementor-inner\">\n\t\t\t\t<div class=\"elementor-section-wrap\">\n\t\t\t\t\t\t\t\t\t<section class=\"elementor-section elementor-top-section elementor-element elementor-element-37a387f elementor-section-boxed elementor-section-height-default elementor-section-height-default\" data-id=\"37a387f\" data-element_type=\"section\">\n\t\t\t\t\t\t<div class=\"elementor-container elementor-column-gap-default\">\n\t\t\t\t\t\t\t<div class=\"elementor-row\">\n\t\t\t\t\t<div class=\"elementor-column elementor-col-100 elementor-top-column elementor-element elementor-element-57d4d0f\" data-id=\"57d4d0f\" data-element_type=\"column\">\n\t\t\t<div class=\"elementor-column-wrap elementor-element-populated\">\n\t\t\t\t\t\t\t<div class=\"elementor-widget-wrap\">\n\t\t\t\t\t\t<div class=\"elementor-element elementor-element-42216f3 elementor-widget elementor-widget-heading\" data-id=\"42216f3\" data-element_type=\"widget\" data-widget_type=\"heading.default\">\n\t\t\t\t<div class=\"elementor-widget-container\">\n\t\t\t<h2 class=\"elementor-heading-title elementor-size-default\">Da war was geboten am Wochenende in Hambr\u00fccken<\/h2>\t\t<\/div>\n\t\t\t\t<\/div>\n\t\t\t\t\t\t<\/div>\n\t\t\t\t\t<\/div>\n\t\t<\/div>\n\t\t\t\t\t\t\t\t<\/div>\n\t\t\t\t\t<\/div>\n\t\t<\/section>\n\t\t\t\t<section class=\"elementor-section elementor-top-section elementor-element elementor-element-ed0ed3c elementor-section-boxed elementor-section-height-default elementor-section-height-default\" data-id=\"ed0ed3c\" data-element_type=\"section\">\n\t\t\t\t\t\t<div class=\"elementor-container elementor-column-gap-default\">\n\t\t\t\t\t\t\t<div class=\"elementor-row\">\n\t\t\t\t\t<div class=\"elementor-column elementor-col-100 elementor-top-column elementor-element elementor-element-ca1e5ad\" data-id=\"ca1e5ad\" data-element_type=\"column\">\n\t\t\t<div class=\"elementor-column-wrap elementor-element-populated\">\n\t\t\t\t\t\t\t<div class=\"elementor-widget-wrap\">\n\t\t\t\t\t\t<div class=\"elementor-element elementor-element-f32bac2 elementor-widget elementor-widget-text-editor\" data-id=\"f32bac2\" data-element_type=\"widget\" data-widget_type=\"text-editor.default\">\n\t\t\t\t<div class=\"elementor-widget-container\">\n\t\t\t\t\t\t\t\t<div class=\"elementor-text-editor elementor-clearfix\">\n\t\t\t\t<p>Am vergangenen Samstag, 15.02.2025 erlebte die Gemeinde Hambr\u00fccken wieder einmal eine unvergessliche Prunksitzung, die die Herzen der Narren h\u00f6her schlagen lie\u00df. Die Veranstaltung, die in der ehrenvoll dekorierten Lu\u00dfhardthalle stattfand, zog zahlreiche Besucher aus der gesamten Region an und bot ein abwechslungsreiches und buntes Programm voller H\u00f6hepunkte.<br \/>Die Organisatoren haben sich auch in diesem Jahr wieder besondere M\u00fche gegeben und ein buntes Potpourri auf die Beine gestellt.<br \/>Die Sitzung, welche bereits nach wenigen Tagen ausverkauft war, begann mit einem farbenfrohen Einmarsch des HCC\u2019s und der verschiedenen Karnevalsvereine. Die Stimmung war von Anfang an ausgelassen, und die Zuschauer lie\u00dfen sich von der fr\u00f6hlichen Atmosph\u00e4re mitrei\u00dfen.<br \/>F\u00fcr einen t\u00e4nzerischen Augenschmaus sorgten die kleinen Waldb\u00f6cklein mit ihrem diesj\u00e4hrigen Motto &#8222;Piraten&#8220;, die Garde Snowflakes sowie die Garde Feuerfunken, die mit einem ABBA Medley im Gardetanz beeindruckten. Ein ganz besonderer H\u00f6hepunkt der t\u00e4nzerischen Einlage war in diesem Jahr das Tanzmariechen Nele Ronecker, die zum ersten Mal in die neue Rolle schl\u00fcpfte. Die beeindruckenden Darbietungen und kreativen Choreografien begeisterten das Publikum und zeigten<br \/>das gro\u00dfe Talent aller Gardet\u00e4nzerinnen.<br \/>Ein besonderes Highlight der Prunksitzung war der Auftritt von B\u00fcrgermeister Dr. Marc Wagner, der beim Rathaussturm am 11.11. eigentlich zu einem Gardetanz \u201cverdonnert\u201d wurde, sich dann aber f\u00fcr eine Darbietung der B\u00fctt entschied und kurzerhand einen Schwung vom Rathaus-Leben erz\u00e4hlte, dabei stimmte er das Publikum immer wieder mit dem \u201cHambrigger Lied\u201d ein. Auch bei der B\u00fctt von Andr\u00e9 Konrad und Udo Martin, die als Rentner nach einer Lebensabschnittsgef\u00e4hrtin suchten, sorgten mit ihren scharfen Witzen und humorvollen Anekdoten f\u00fcr zahlreiche Lacher.<br \/>Thomas Krespach heiterte und am\u00fcsierte das Publikum durch seine B\u00fctt auf und berichtete eindrucksvoll \u00fcber die Herausforderungen und Entwicklungen in der aktuellen Wirtschaft und Politik.<br \/>Mit musikalischer Unterst\u00fctzung durch die HCC Demellerechen, die in diesem Jahr ihren letzten Auftritt hinlegten, wurde die Veranstaltung zu einem wahren Fest der Musik. Nach Aussage von Dirigent Adelbert Bischoff ist nun f\u00fcr die \u00e4lteste Boygroup \u201cSchicht im Schacht\u201d, so begeisterten die Lerchen mit einem Hit-Medley aus den letzten 44 Jahren und wurde mit Standing Ovations von der B\u00fchne verabschiedet.<br \/>Sp\u00e4testens beim Auftritt der Guggenmusik Forlebuzzel-Zunft Hambr\u00fccken unter der Leitung von Florian Debatin, war die Stimmung auf dem Siedepunkt. Das HCC M\u00e4nnerballett \u201cAlptraumdivas\u201d \u00fcberzeugte dieses Jahr so richtig maskulin mit akrobatischen Tanzeinlagen. Unter dem Motto \u201cFeuerwehr meets Boxer&#8220;, haben die M\u00e4nner mit ihrem Athletenk\u00f6rper die H\u00fctte so richtig zum Brennen bzw. L\u00f6schen gebracht.<br \/>Bei der HCC Hitparade, die dieses Jahr unter dem Motto \u201cSchlager\u201d stand, hielt es das Publikum bei den allzeit bekanntesten Schlager-Hits nicht mehr auf den St\u00fchlen.<\/p><p>Ganz besonders hervorzuheben war die Showtanzgruppe \u201cNext Generation\u201d, die sich nach 22 Jahren von der B\u00fchne verabschiedeten. Diese rockten die B\u00fchne \u201czum letzten Tanz\u201d mit ihrem Motto &#8222;Gladiatoren&#8220;. Die Halle bebte und die Gruppe wurde mit Standing Ovations vom Publikum belohnt. Bei der emotionale und w\u00fcrdevollen Verabschiedung durch Sitzungspr\u00e4sident Yannic Mayer, blieb kein Auge trocken und das ein oder andere Tr\u00e4nchen wurde vergossen.<br \/>F\u00fcr ausgelassene Stimmung im Saal sorgten zum Abschluss Tobmaster Fitch and the Fabulous Fernando Horns, deren Kl\u00e4nge und Rhythmen zum Mitsingen und Schunkeln einlud.<br \/>Die Prunksitzung endete mit einem grandiosen Finale, bei dem alle Akteure gemeinsam auf der B\u00fchne standen und das Publikum zum Mitsingen und Tanzen beim \u201cHambrigger Lied\u201d anregte. Im Anschluss wurde noch das Tanzbein durch die\u00a0musikalische Umrahmung von \u201cEinMannBernd\u201d bis tief in die Nacht geschwungen.<br \/>Die Besucher verlie\u00dfen die Lu\u00dfhardthalle mit einem L\u00e4cheln im Gesicht und der Vorfreude auf die n\u00e4chsten Veranstaltungen der Faschingszeit. Es hat einmal mehr gezeigt, wie wichtig Gemeinschaft und Tradition sind. Die Organisatoren und Teilnehmer freuen sich bereits auf die n\u00e4chste Sitzung, um auch im kommenden Jahr wieder ein unvergessliches Fest zu feiern. HELAU!<br \/>Text: MH<br \/>Foto-Copyright: Hans-Joachim Of<\/p>\t\t\t\t\t<\/div>\n\t\t\t\t\t\t<\/div>\n\t\t\t\t<\/div>\n\t\t\t\t\t\t<\/div>\n\t\t\t\t\t<\/div>\n\t\t<\/div>\n\t\t\t\t\t\t\t\t<\/div>\n\t\t\t\t\t<\/div>\n\t\t<\/section>\n\t\t\t\t<section class=\"elementor-section elementor-top-section elementor-element elementor-element-b1457a1 elementor-section-boxed elementor-section-height-default elementor-section-height-default\" data-id=\"b1457a1\" data-element_type=\"section\">\n\t\t\t\t\t\t<div class=\"elementor-container elementor-column-gap-default\">\n\t\t\t\t\t\t\t<div class=\"elementor-row\">\n\t\t\t\t\t<div class=\"elementor-column elementor-col-100 elementor-top-column elementor-element elementor-element-bc71323\" data-id=\"bc71323\" data-element_type=\"column\">\n\t\t\t<div class=\"elementor-column-wrap elementor-element-populated\">\n\t\t\t\t\t\t\t<div class=\"elementor-widget-wrap\">\n\t\t\t\t\t\t<div class=\"elementor-element elementor-element-a6596b7 elementor-widget elementor-widget-image-gallery\" data-id=\"a6596b7\" data-element_type=\"widget\" data-widget_type=\"image-gallery.default\">\n\t\t\t\t<div class=\"elementor-widget-container\">\n\t\t\t\t\t<div class=\"elementor-image-gallery\">\n\t\t\t<div id='gallery-1' class='gallery galleryid-1734 gallery-columns-3 gallery-size-thumbnail'><figure class='gallery-item'>\n\t\t\t<div class='gallery-icon landscape'>\n\t\t\t\t<a data-elementor-open-lightbox=\"yes\" data-elementor-lightbox-slideshow=\"a6596b7\" data-elementor-lightbox-title=\"HCC Demmellerchen\" e-action-hash=\"#elementor-action%3Aaction%3Dlightbox%26settings%3DeyJpZCI6MTcwNiwidXJsIjoiaHR0cHM6XC9cL2hjYy1rYXJuZXZhbC5kZVwvd3AtY29udGVudFwvdXBsb2Fkc1wvMjAyNVwvMDJcL0hDQy1EZW1tZWxsZXJjaGVuLXNjYWxlZC5qcGciLCJzbGlkZXNob3ciOiJhNjU5NmI3In0%3D\" href='https:\/\/hcc-karneval.de\/wp-content\/uploads\/2025\/02\/HCC-Demmellerchen-scaled.jpg'><img width=\"150\" height=\"150\" src=\"https:\/\/hcc-karneval.de\/wp-content\/uploads\/2025\/02\/HCC-Demmellerchen-150x150.jpg\" class=\"attachment-thumbnail size-thumbnail\" alt=\"\" decoding=\"async\" loading=\"lazy\" srcset=\"https:\/\/hcc-karneval.de\/wp-content\/uploads\/2025\/02\/HCC-Demmellerchen-150x150.jpg 150w, https:\/\/hcc-karneval.de\/wp-content\/uploads\/2025\/02\/HCC-Demmellerchen-100x100.jpg 100w\" sizes=\"100vw\" \/><\/a>\n\t\t\t<\/div><\/figure><figure class='gallery-item'>\n\t\t\t<div class='gallery-icon landscape'>\n\t\t\t\t<a data-elementor-open-lightbox=\"yes\" data-elementor-lightbox-slideshow=\"a6596b7\" data-elementor-lightbox-title=\"Showtanzgruppe Next Generation\" e-action-hash=\"#elementor-action%3Aaction%3Dlightbox%26settings%3DeyJpZCI6MTcwNSwidXJsIjoiaHR0cHM6XC9cL2hjYy1rYXJuZXZhbC5kZVwvd3AtY29udGVudFwvdXBsb2Fkc1wvMjAyNVwvMDJcL1Nob3d0YW56Z3J1cHBlLU5leHQtR2VuZXJhdGlvbi1zY2FsZWQuanBnIiwic2xpZGVzaG93IjoiYTY1OTZiNyJ9\" href='https:\/\/hcc-karneval.de\/wp-content\/uploads\/2025\/02\/Showtanzgruppe-Next-Generation-scaled.jpg'><img width=\"150\" height=\"150\" src=\"https:\/\/hcc-karneval.de\/wp-content\/uploads\/2025\/02\/Showtanzgruppe-Next-Generation-150x150.jpg\" class=\"attachment-thumbnail size-thumbnail\" alt=\"\" decoding=\"async\" loading=\"lazy\" srcset=\"https:\/\/hcc-karneval.de\/wp-content\/uploads\/2025\/02\/Showtanzgruppe-Next-Generation-150x150.jpg 150w, https:\/\/hcc-karneval.de\/wp-content\/uploads\/2025\/02\/Showtanzgruppe-Next-Generation-100x100.jpg 100w\" sizes=\"100vw\" \/><\/a>\n\t\t\t<\/div><\/figure><figure class='gallery-item'>\n\t\t\t<div class='gallery-icon portrait'>\n\t\t\t\t<a data-elementor-open-lightbox=\"yes\" data-elementor-lightbox-slideshow=\"a6596b7\" data-elementor-lightbox-title=\"B\u00fctt B\u00fcrgermeister Dr. Marc Wagner\" e-action-hash=\"#elementor-action%3Aaction%3Dlightbox%26settings%3DeyJpZCI6MTcwNCwidXJsIjoiaHR0cHM6XC9cL2hjYy1rYXJuZXZhbC5kZVwvd3AtY29udGVudFwvdXBsb2Fkc1wvMjAyNVwvMDJcL0J1ZXR0LUJ1ZXJnZXJtZWlzdGVyLURyLi1NYXJjLVdhZ25lci5qcGciLCJzbGlkZXNob3ciOiJhNjU5NmI3In0%3D\" href='https:\/\/hcc-karneval.de\/wp-content\/uploads\/2025\/02\/Buett-Buergermeister-Dr.-Marc-Wagner.jpg'><img width=\"150\" height=\"150\" src=\"https:\/\/hcc-karneval.de\/wp-content\/uploads\/2025\/02\/Buett-Buergermeister-Dr.-Marc-Wagner-150x150.jpg\" class=\"attachment-thumbnail size-thumbnail\" alt=\"\" decoding=\"async\" loading=\"lazy\" srcset=\"https:\/\/hcc-karneval.de\/wp-content\/uploads\/2025\/02\/Buett-Buergermeister-Dr.-Marc-Wagner-150x150.jpg 150w, https:\/\/hcc-karneval.de\/wp-content\/uploads\/2025\/02\/Buett-Buergermeister-Dr.-Marc-Wagner-100x100.jpg 100w\" sizes=\"100vw\" \/><\/a>\n\t\t\t<\/div><\/figure><figure class='gallery-item'>\n\t\t\t<div class='gallery-icon portrait'>\n\t\t\t\t<a data-elementor-open-lightbox=\"yes\" data-elementor-lightbox-slideshow=\"a6596b7\" data-elementor-lightbox-title=\"B\u00fctt Thomas Krespach\" e-action-hash=\"#elementor-action%3Aaction%3Dlightbox%26settings%3DeyJpZCI6MTcwMywidXJsIjoiaHR0cHM6XC9cL2hjYy1rYXJuZXZhbC5kZVwvd3AtY29udGVudFwvdXBsb2Fkc1wvMjAyNVwvMDJcL0J1ZXR0LVRob21hcy1LcmVzcGFjaC5qcGciLCJzbGlkZXNob3ciOiJhNjU5NmI3In0%3D\" href='https:\/\/hcc-karneval.de\/wp-content\/uploads\/2025\/02\/Buett-Thomas-Krespach.jpg'><img width=\"150\" height=\"150\" src=\"https:\/\/hcc-karneval.de\/wp-content\/uploads\/2025\/02\/Buett-Thomas-Krespach-150x150.jpg\" class=\"attachment-thumbnail size-thumbnail\" alt=\"\" decoding=\"async\" loading=\"lazy\" srcset=\"https:\/\/hcc-karneval.de\/wp-content\/uploads\/2025\/02\/Buett-Thomas-Krespach-150x150.jpg 150w, https:\/\/hcc-karneval.de\/wp-content\/uploads\/2025\/02\/Buett-Thomas-Krespach-100x100.jpg 100w\" sizes=\"100vw\" \/><\/a>\n\t\t\t<\/div><\/figure><figure class='gallery-item'>\n\t\t\t<div class='gallery-icon landscape'>\n\t\t\t\t<a data-elementor-open-lightbox=\"yes\" data-elementor-lightbox-slideshow=\"a6596b7\" data-elementor-lightbox-title=\"M\u00e4nnerballet Alptraumdivas\" e-action-hash=\"#elementor-action%3Aaction%3Dlightbox%26settings%3DeyJpZCI6MTcwMiwidXJsIjoiaHR0cHM6XC9cL2hjYy1rYXJuZXZhbC5kZVwvd3AtY29udGVudFwvdXBsb2Fkc1wvMjAyNVwvMDJcL01hZW5uZXJiYWxsZXQtQWxwdHJhdW1kaXZhcy1zY2FsZWQuanBnIiwic2xpZGVzaG93IjoiYTY1OTZiNyJ9\" href='https:\/\/hcc-karneval.de\/wp-content\/uploads\/2025\/02\/Maennerballet-Alptraumdivas-scaled.jpg'><img width=\"150\" height=\"150\" src=\"https:\/\/hcc-karneval.de\/wp-content\/uploads\/2025\/02\/Maennerballet-Alptraumdivas-150x150.jpg\" class=\"attachment-thumbnail size-thumbnail\" alt=\"\" decoding=\"async\" loading=\"lazy\" srcset=\"https:\/\/hcc-karneval.de\/wp-content\/uploads\/2025\/02\/Maennerballet-Alptraumdivas-150x150.jpg 150w, https:\/\/hcc-karneval.de\/wp-content\/uploads\/2025\/02\/Maennerballet-Alptraumdivas-100x100.jpg 100w\" sizes=\"100vw\" \/><\/a>\n\t\t\t<\/div><\/figure><figure class='gallery-item'>\n\t\t\t<div class='gallery-icon landscape'>\n\t\t\t\t<a data-elementor-open-lightbox=\"yes\" data-elementor-lightbox-slideshow=\"a6596b7\" data-elementor-lightbox-title=\"HCC Hitparade\" e-action-hash=\"#elementor-action%3Aaction%3Dlightbox%26settings%3DeyJpZCI6MTcwMSwidXJsIjoiaHR0cHM6XC9cL2hjYy1rYXJuZXZhbC5kZVwvd3AtY29udGVudFwvdXBsb2Fkc1wvMjAyNVwvMDJcL0hDQy1IaXRwYXJhZGUtc2NhbGVkLmpwZyIsInNsaWRlc2hvdyI6ImE2NTk2YjcifQ%3D%3D\" href='https:\/\/hcc-karneval.de\/wp-content\/uploads\/2025\/02\/HCC-Hitparade-scaled.jpg'><img width=\"150\" height=\"150\" src=\"https:\/\/hcc-karneval.de\/wp-content\/uploads\/2025\/02\/HCC-Hitparade-150x150.jpg\" class=\"attachment-thumbnail size-thumbnail\" alt=\"\" decoding=\"async\" loading=\"lazy\" srcset=\"https:\/\/hcc-karneval.de\/wp-content\/uploads\/2025\/02\/HCC-Hitparade-150x150.jpg 150w, https:\/\/hcc-karneval.de\/wp-content\/uploads\/2025\/02\/HCC-Hitparade-100x100.jpg 100w\" sizes=\"100vw\" \/><\/a>\n\t\t\t<\/div><\/figure>\n\t\t<\/div>\n\t\t<\/div>\n\t\t\t\t<\/div>\n\t\t\t\t<\/div>\n\t\t\t\t\t\t<\/div>\n\t\t\t\t\t<\/div>\n\t\t<\/div>\n\t\t\t\t\t\t\t\t<\/div>\n\t\t\t\t\t<\/div>\n\t\t<\/section>\n\t\t\t\t\t\t\t\t\t<\/div>\n\t\t\t<\/div>\n\t\t\t\t\t<\/div>\n\t\t","protected":false},"excerpt":{"rendered":"<p>Da war was geboten am Wochenende in Hambr\u00fccken Am vergangenen Samstag, 15.02.2025 erlebte die Gemeinde Hambr\u00fccken wieder einmal eine unvergessliche Prunksitzung, die die Herzen der Narren h\u00f6her schlagen lie\u00df. Die Veranstaltung, die in der ehrenvoll dekorierten Lu\u00dfhardthalle stattfand, zog zahlreiche Besucher aus der gesamten Region an und bot ein abwechslungsreiches und buntes Programm voller H\u00f6hepunkte.Die &hellip; <\/p>\n<p class=\"link-more\"><a href=\"https:\/\/hcc-karneval.de\/?page_id=1734\" class=\"more-link\"><span class=\"screen-reader-text\">\u201ePrunksitzung 2025\u201c <\/span>weiterlesen<\/a><\/p>\n","protected":false},"author":1,"featured_media":0,"parent":0,"menu_order":0,"comment_status":"closed","ping_status":"closed","template":"","meta":[],"_links":{"self":[{"href":"https:\/\/hcc-karneval.de\/index.php?rest_route=\/wp\/v2\/pages\/1734"}],"collection":[{"href":"https:\/\/hcc-karneval.de\/index.php?rest_route=\/wp\/v2\/pages"}],"about":[{"href":"https:\/\/hcc-karneval.de\/index.php?rest_route=\/wp\/v2\/types\/page"}],"author":[{"embeddable":true,"href":"https:\/\/hcc-karneval.de\/index.php?rest_route=\/wp\/v2\/users\/1"}],"replies":[{"embeddable":true,"href":"https:\/\/hcc-karneval.de\/index.php?rest_route=%2Fwp%2Fv2%2Fcomments&post=1734"}],"version-history":[{"count":10,"href":"https:\/\/hcc-karneval.de\/index.php?rest_route=\/wp\/v2\/pages\/1734\/revisions"}],"predecessor-version":[{"id":1749,"href":"https:\/\/hcc-karneval.de\/index.php?rest_route=\/wp\/v2\/pages\/1734\/revisions\/1749"}],"wp:attachment":[{"href":"https:\/\/hcc-karneval.de\/index.php?rest_route=%2Fwp%2Fv2%2Fmedia&parent=1734"}],"curies":[{"name":"wp","href":"https:\/\/api.w.org\/{rel}","templated":true}]}}