{"id":2060,"date":"2026-02-07T14:24:53","date_gmt":"2026-02-07T14:24:53","guid":{"rendered":"https:\/\/hcc-karneval.de\/?page_id=2060"},"modified":"2026-02-07T14:26:54","modified_gmt":"2026-02-07T14:26:54","slug":"prunksitzung-2026","status":"publish","type":"page","link":"https:\/\/hcc-karneval.de\/?page_id=2060","title":{"rendered":"Prunksitzung 2026"},"content":{"rendered":"\t\t<div data-elementor-type=\"wp-page\" data-elementor-id=\"2060\" class=\"elementor elementor-2060\">\n\t\t\t\t\t\t<div class=\"elementor-inner\">\n\t\t\t\t<div class=\"elementor-section-wrap\">\n\t\t\t\t\t\t\t\t\t<section class=\"elementor-section elementor-top-section elementor-element elementor-element-0351667 elementor-section-boxed elementor-section-height-default elementor-section-height-default\" data-id=\"0351667\" data-element_type=\"section\">\n\t\t\t\t\t\t<div class=\"elementor-container elementor-column-gap-default\">\n\t\t\t\t\t\t\t<div class=\"elementor-row\">\n\t\t\t\t\t<div class=\"elementor-column elementor-col-100 elementor-top-column elementor-element elementor-element-59f0408\" data-id=\"59f0408\" data-element_type=\"column\">\n\t\t\t<div class=\"elementor-column-wrap elementor-element-populated\">\n\t\t\t\t\t\t\t<div class=\"elementor-widget-wrap\">\n\t\t\t\t\t\t<div class=\"elementor-element elementor-element-ca899f2 elementor-widget elementor-widget-heading\" data-id=\"ca899f2\" data-element_type=\"widget\" data-widget_type=\"heading.default\">\n\t\t\t\t<div class=\"elementor-widget-container\">\n\t\t\t<h2 class=\"elementor-heading-title elementor-size-default\">Von Tanz bis Musik: Hambr\u00fccken zeigt sich von seiner bunten Seite<\/h2>\t\t<\/div>\n\t\t\t\t<\/div>\n\t\t\t\t\t\t<\/div>\n\t\t\t\t\t<\/div>\n\t\t<\/div>\n\t\t\t\t\t\t\t\t<\/div>\n\t\t\t\t\t<\/div>\n\t\t<\/section>\n\t\t\t\t<section class=\"elementor-section elementor-top-section elementor-element elementor-element-b00aa31 elementor-section-boxed elementor-section-height-default elementor-section-height-default\" data-id=\"b00aa31\" data-element_type=\"section\">\n\t\t\t\t\t\t<div class=\"elementor-container elementor-column-gap-default\">\n\t\t\t\t\t\t\t<div class=\"elementor-row\">\n\t\t\t\t\t<div class=\"elementor-column elementor-col-100 elementor-top-column elementor-element elementor-element-121b092\" data-id=\"121b092\" data-element_type=\"column\">\n\t\t\t<div class=\"elementor-column-wrap elementor-element-populated\">\n\t\t\t\t\t\t\t<div class=\"elementor-widget-wrap\">\n\t\t\t\t\t\t<div class=\"elementor-element elementor-element-ef026b4 elementor-widget elementor-widget-text-editor\" data-id=\"ef026b4\" data-element_type=\"widget\" data-widget_type=\"text-editor.default\">\n\t\t\t\t<div class=\"elementor-widget-container\">\n\t\t\t\t\t\t\t\t<div class=\"elementor-text-editor elementor-clearfix\">\n\t\t\t\tAm vergangenen Samstag, 31.01.2026 erlebte die Gemeinde Hambr\u00fccken wieder\neinmal eine unvergessliche Prunksitzung, die die Herzen der Narren h\u00f6her schlagen\nlie\u00df. Die Veranstaltung, die in der ehrenvoll dekorierten und ausverkauften\nLu\u00dfhardthalle stattfand, zog zahlreiche Besucher aus der gesamten Region an und\nbot ein abwechslungsreiches und buntes Programm voller H\u00f6hepunkte.<br>\nDie Organisatoren haben sich auch in diesem Jahr wieder besondere M\u00fche\ngegeben und ein buntes Unterhaltungsprogramm auf die Beine gestellt.<br>\nMit einem farbenfrohen Einmarsch des HCC\u2019s und der Karnevalsvereine nahm die\nSitzung schwungvoll ihren Anfang. Die ausgelassene Stimmung sprang sofort auf\ndas Publikum \u00fcber.<br><br>\nF\u00fcr ein t\u00e4nzerisches Fest der Augen sorgten die kleinen Waldb\u00f6cklein, die sich als\nwundersch\u00f6ne \u201cSchmetterlinge&#8220;entpuppten. Die beeindruckenden Darbietungen und\nkreativen Choreografien der Garden Snowflakes und Feuerfunken sowie Major Elian\nBl\u00fcm begeisterten das Publikum und zeigten das gro\u00dfe Talent f\u00fcr den Gardetanz.<br><br>\nDie B\u00fctt der Wissed\u00e4ler Martina Misch, Gerlinde B\u00f6ser und Peter Dohn sorgten mit\nihren humorvollen Anekdoten f\u00fcr zahlreiche Lacher.<br>\nMit seinem Live-Gesang pr\u00e4gte Tim Steinel die musikalische Stimmung des Abends.<br><br>\nNach einer kurzen Pause heiterten und am\u00fcsierten Petra Hilbert und Tobias Mahl\ndas Publikum durch ihre B\u00fctt an.<br>\nSp\u00e4testens beim Auftritt der Guggenmusik Forlebuzzel-Zunft Hambr\u00fccken unter der\nLeitung von Florian Debatin, war die Stimmung auf dem Siedepunkt. Die Truppe\n\u00fcberzeugte in ihrem 40-j\u00e4hrigen Jubil\u00e4umsjahr mit einem bunten Potpourri aus\nneuen sowie alten Guggen-Songs.<br><br>\nUnter dem Motto \u201cKindheitserinnerungen\u201d lie\u00df die HCC-Hitparade mit einem\nabwechslungsreichen Programm rund um Sailor Moon, Barbie, Jim Knopf und\nPumuckl nostalgische Gef\u00fchle aufkommen.<br><br>\nNachdem sich im letzten Jahr zwei langj\u00e4hrige Gruppen von der Showb\u00fchne\nverabschiedet haben, hat es der HCC dieses Jahr geschafft, diese beiden\nProgrammpunkte zu ersetzen.<br>\nSo hatten die \u201cHopfezopfer\u201d unter der Leitung von Emily Theer dieses Jahr ihre\nPremiere mit stimmungsvoller Gesangseinlage aus Partyhits und verdr\u00e4ngten\nkurzerhand die \u201cOdenw\u00e4lder\u201d von der B\u00fchne.<br><br>\nEin beeindruckendes Deb\u00fct mit dem Motto \u201ePerfect Illusion\u201c und einer klaren\nBotschaft zum Sch\u00f6nheitsideal feiert die neue Showtanzgruppe \u201eRed Motion\u201c.<br><br>\nBesonderes Highlight des Abends war erneut das HCC-M\u00e4nnerballett \u201cDance\nDevilz\u201d, das passend zur Mitternacht mit seiner \u201cMitternacht\u201d-Show begleitet von\nmystischen Elementen \u00fcber \u201cThriller\u201d bis hin zur Wolfgang-Petry-Crew mit ihren\nspektakul\u00e4ren Hebefiguren den Saal zum Beben brachte.<br><br>\nF\u00fcr ausgelassene Stimmung im Saal sorgten zum Abschluss Tobmaster Fitch and\nthe Fabulous Fernando Horns, deren Kl\u00e4nge und Rhythmen zum Mitsingen und\nSchunkeln einlud.<br>\nDie Prunksitzung endete mit einem grandiosen Finale, bei dem alle Akteure\ngemeinsam auf der B\u00fchne standen und das Publikum zum Mitsingen und Tanzen\nbeim \u201cHambrigger Lied\u201d anregte. Im Anschluss wurde noch das Tanzbein durch die\nmusikalische Umrahmung von \u201cEinMannBernd\u201d bis tief in die Nacht geschwungen.\nDie Besucher verlie\u00dfen die Lu\u00dfhardthalle wieder mal mit einem L\u00e4cheln im Gesicht\nund der Vorfreude auf die n\u00e4chsten n\u00e4rrischen Veranstaltungen in der Faschingszeit.\nEs hat einmal mehr gezeigt, wie wichtig Gemeinschaft und Tradition sind. Die\nOrganisatoren und Teilnehmer freuen sich bereits auf die n\u00e4chste Sitzung. <br>HELAU!<br><br>\nText: Melina Hoffmann<br>\nFoto: Hendrik Thome\t\t\t\t\t<\/div>\n\t\t\t\t\t\t<\/div>\n\t\t\t\t<\/div>\n\t\t\t\t\t\t<\/div>\n\t\t\t\t\t<\/div>\n\t\t<\/div>\n\t\t\t\t\t\t\t\t<\/div>\n\t\t\t\t\t<\/div>\n\t\t<\/section>\n\t\t\t\t<section class=\"elementor-section elementor-top-section elementor-element elementor-element-64f6428 elementor-section-boxed elementor-section-height-default elementor-section-height-default\" data-id=\"64f6428\" data-element_type=\"section\">\n\t\t\t\t\t\t<div class=\"elementor-container elementor-column-gap-default\">\n\t\t\t\t\t\t\t<div class=\"elementor-row\">\n\t\t\t\t\t<div class=\"elementor-column elementor-col-50 elementor-top-column elementor-element elementor-element-0cbd973\" data-id=\"0cbd973\" data-element_type=\"column\">\n\t\t\t<div class=\"elementor-column-wrap elementor-element-populated\">\n\t\t\t\t\t\t\t<div class=\"elementor-widget-wrap\">\n\t\t\t\t\t\t<div class=\"elementor-element elementor-element-6034bb1 elementor-widget elementor-widget-image\" data-id=\"6034bb1\" data-element_type=\"widget\" data-widget_type=\"image.default\">\n\t\t\t\t<div class=\"elementor-widget-container\">\n\t\t\t\t\t\t\t\t<div class=\"elementor-image\">\n\t\t\t\t\t\t\t\t\t\t\t\t<img decoding=\"async\" width=\"640\" height=\"427\" src=\"https:\/\/hcc-karneval.de\/wp-content\/uploads\/2026\/02\/HCC-Feuerfunken1.jpg\" class=\"attachment-1536x1536 size-1536x1536 wp-image-2039\" alt=\"\" loading=\"lazy\" srcset=\"https:\/\/hcc-karneval.de\/wp-content\/uploads\/2026\/02\/HCC-Feuerfunken1.jpg 640w, https:\/\/hcc-karneval.de\/wp-content\/uploads\/2026\/02\/HCC-Feuerfunken1-300x200.jpg 300w\" sizes=\"100vw\" \/>\t\t\t\t\t\t\t\t\t\t\t\t\t\t<\/div>\n\t\t\t\t\t\t<\/div>\n\t\t\t\t<\/div>\n\t\t\t\t\t\t<\/div>\n\t\t\t\t\t<\/div>\n\t\t<\/div>\n\t\t\t\t<div class=\"elementor-column elementor-col-50 elementor-top-column elementor-element elementor-element-85cf2a2\" data-id=\"85cf2a2\" data-element_type=\"column\">\n\t\t\t<div class=\"elementor-column-wrap elementor-element-populated\">\n\t\t\t\t\t\t\t<div class=\"elementor-widget-wrap\">\n\t\t\t\t\t\t<div class=\"elementor-element elementor-element-bc29e86 elementor-widget elementor-widget-image\" data-id=\"bc29e86\" data-element_type=\"widget\" data-widget_type=\"image.default\">\n\t\t\t\t<div class=\"elementor-widget-container\">\n\t\t\t\t\t\t\t\t<div class=\"elementor-image\">\n\t\t\t\t\t\t\t\t\t\t\t\t<img decoding=\"async\" width=\"640\" height=\"427\" src=\"https:\/\/hcc-karneval.de\/wp-content\/uploads\/2026\/02\/Guggemusik-Forlebuzzel1.jpg\" class=\"attachment-1536x1536 size-1536x1536 wp-image-2038\" alt=\"\" loading=\"lazy\" srcset=\"https:\/\/hcc-karneval.de\/wp-content\/uploads\/2026\/02\/Guggemusik-Forlebuzzel1.jpg 640w, https:\/\/hcc-karneval.de\/wp-content\/uploads\/2026\/02\/Guggemusik-Forlebuzzel1-300x200.jpg 300w\" sizes=\"100vw\" \/>\t\t\t\t\t\t\t\t\t\t\t\t\t\t<\/div>\n\t\t\t\t\t\t<\/div>\n\t\t\t\t<\/div>\n\t\t\t\t\t\t<\/div>\n\t\t\t\t\t<\/div>\n\t\t<\/div>\n\t\t\t\t\t\t\t\t<\/div>\n\t\t\t\t\t<\/div>\n\t\t<\/section>\n\t\t\t\t<section class=\"elementor-section elementor-top-section elementor-element elementor-element-77cfad5 elementor-section-boxed elementor-section-height-default elementor-section-height-default\" data-id=\"77cfad5\" data-element_type=\"section\">\n\t\t\t\t\t\t<div class=\"elementor-container elementor-column-gap-default\">\n\t\t\t\t\t\t\t<div class=\"elementor-row\">\n\t\t\t\t\t<div class=\"elementor-column elementor-col-50 elementor-top-column elementor-element elementor-element-754ea0f\" data-id=\"754ea0f\" data-element_type=\"column\">\n\t\t\t<div class=\"elementor-column-wrap elementor-element-populated\">\n\t\t\t\t\t\t\t<div class=\"elementor-widget-wrap\">\n\t\t\t\t\t\t<div class=\"elementor-element elementor-element-6ad593e elementor-widget elementor-widget-image\" data-id=\"6ad593e\" data-element_type=\"widget\" data-widget_type=\"image.default\">\n\t\t\t\t<div class=\"elementor-widget-container\">\n\t\t\t\t\t\t\t\t<div class=\"elementor-image\">\n\t\t\t\t\t\t\t\t\t\t\t\t<img decoding=\"async\" width=\"640\" height=\"427\" src=\"https:\/\/hcc-karneval.de\/wp-content\/uploads\/2026\/02\/HCC-Showtanz_Red-Motion.jpg\" class=\"attachment-1536x1536 size-1536x1536 wp-image-2044\" alt=\"\" loading=\"lazy\" srcset=\"https:\/\/hcc-karneval.de\/wp-content\/uploads\/2026\/02\/HCC-Showtanz_Red-Motion.jpg 640w, https:\/\/hcc-karneval.de\/wp-content\/uploads\/2026\/02\/HCC-Showtanz_Red-Motion-300x200.jpg 300w\" sizes=\"100vw\" \/>\t\t\t\t\t\t\t\t\t\t\t\t\t\t<\/div>\n\t\t\t\t\t\t<\/div>\n\t\t\t\t<\/div>\n\t\t\t\t\t\t<\/div>\n\t\t\t\t\t<\/div>\n\t\t<\/div>\n\t\t\t\t<div class=\"elementor-column elementor-col-50 elementor-top-column elementor-element elementor-element-52ba1ce\" data-id=\"52ba1ce\" data-element_type=\"column\">\n\t\t\t<div class=\"elementor-column-wrap elementor-element-populated\">\n\t\t\t\t\t\t\t<div class=\"elementor-widget-wrap\">\n\t\t\t\t\t\t<div class=\"elementor-element elementor-element-fda1da6 elementor-widget elementor-widget-image\" data-id=\"fda1da6\" data-element_type=\"widget\" data-widget_type=\"image.default\">\n\t\t\t\t<div class=\"elementor-widget-container\">\n\t\t\t\t\t\t\t\t<div class=\"elementor-image\">\n\t\t\t\t\t\t\t\t\t\t\t\t<img decoding=\"async\" width=\"1536\" height=\"1024\" src=\"https:\/\/hcc-karneval.de\/wp-content\/uploads\/2026\/02\/HCC-Maennerballett_DanceDevilz2-1536x1024.jpg\" class=\"attachment-1536x1536 size-1536x1536 wp-image-2045\" alt=\"\" loading=\"lazy\" srcset=\"https:\/\/hcc-karneval.de\/wp-content\/uploads\/2026\/02\/HCC-Maennerballett_DanceDevilz2-1536x1024.jpg 1536w, https:\/\/hcc-karneval.de\/wp-content\/uploads\/2026\/02\/HCC-Maennerballett_DanceDevilz2-300x200.jpg 300w, https:\/\/hcc-karneval.de\/wp-content\/uploads\/2026\/02\/HCC-Maennerballett_DanceDevilz2-1024x683.jpg 1024w, https:\/\/hcc-karneval.de\/wp-content\/uploads\/2026\/02\/HCC-Maennerballett_DanceDevilz2-768x512.jpg 768w, https:\/\/hcc-karneval.de\/wp-content\/uploads\/2026\/02\/HCC-Maennerballett_DanceDevilz2.jpg 1600w\" sizes=\"100vw\" \/>\t\t\t\t\t\t\t\t\t\t\t\t\t\t<\/div>\n\t\t\t\t\t\t<\/div>\n\t\t\t\t<\/div>\n\t\t\t\t\t\t<\/div>\n\t\t\t\t\t<\/div>\n\t\t<\/div>\n\t\t\t\t\t\t\t\t<\/div>\n\t\t\t\t\t<\/div>\n\t\t<\/section>\n\t\t\t\t<section class=\"elementor-section elementor-top-section elementor-element elementor-element-ede9726 elementor-section-boxed elementor-section-height-default elementor-section-height-default\" data-id=\"ede9726\" data-element_type=\"section\">\n\t\t\t\t\t\t<div class=\"elementor-container elementor-column-gap-default\">\n\t\t\t\t\t\t\t<div class=\"elementor-row\">\n\t\t\t\t\t<div class=\"elementor-column elementor-col-50 elementor-top-column elementor-element elementor-element-04955b3\" data-id=\"04955b3\" data-element_type=\"column\">\n\t\t\t<div class=\"elementor-column-wrap elementor-element-populated\">\n\t\t\t\t\t\t\t<div class=\"elementor-widget-wrap\">\n\t\t\t\t\t\t<div class=\"elementor-element elementor-element-3da5b88 elementor-widget elementor-widget-image\" data-id=\"3da5b88\" data-element_type=\"widget\" data-widget_type=\"image.default\">\n\t\t\t\t<div class=\"elementor-widget-container\">\n\t\t\t\t\t\t\t\t<div class=\"elementor-image\">\n\t\t\t\t\t\t\t\t\t\t\t\t<img decoding=\"async\" width=\"605\" height=\"403\" src=\"https:\/\/hcc-karneval.de\/wp-content\/uploads\/2026\/02\/Narrenchor_Hopfezopfer1.jpg\" class=\"attachment-1536x1536 size-1536x1536 wp-image-2043\" alt=\"\" loading=\"lazy\" srcset=\"https:\/\/hcc-karneval.de\/wp-content\/uploads\/2026\/02\/Narrenchor_Hopfezopfer1.jpg 605w, https:\/\/hcc-karneval.de\/wp-content\/uploads\/2026\/02\/Narrenchor_Hopfezopfer1-300x200.jpg 300w\" sizes=\"100vw\" \/>\t\t\t\t\t\t\t\t\t\t\t\t\t\t<\/div>\n\t\t\t\t\t\t<\/div>\n\t\t\t\t<\/div>\n\t\t\t\t\t\t<\/div>\n\t\t\t\t\t<\/div>\n\t\t<\/div>\n\t\t\t\t<div class=\"elementor-column elementor-col-50 elementor-top-column elementor-element elementor-element-561ff37\" data-id=\"561ff37\" data-element_type=\"column\">\n\t\t\t<div class=\"elementor-column-wrap elementor-element-populated\">\n\t\t\t\t\t\t\t<div class=\"elementor-widget-wrap\">\n\t\t\t\t\t\t<div class=\"elementor-element elementor-element-b265c85 elementor-widget elementor-widget-image\" data-id=\"b265c85\" data-element_type=\"widget\" data-widget_type=\"image.default\">\n\t\t\t\t<div class=\"elementor-widget-container\">\n\t\t\t\t\t\t\t\t<div class=\"elementor-image\">\n\t\t\t\t\t\t\t\t\t\t\t\t<img decoding=\"async\" width=\"1536\" height=\"1024\" src=\"https:\/\/hcc-karneval.de\/wp-content\/uploads\/2026\/02\/HCC-Garde-Snowflakes-1536x1024.jpg\" class=\"attachment-1536x1536 size-1536x1536 wp-image-2046\" alt=\"\" loading=\"lazy\" srcset=\"https:\/\/hcc-karneval.de\/wp-content\/uploads\/2026\/02\/HCC-Garde-Snowflakes-1536x1024.jpg 1536w, https:\/\/hcc-karneval.de\/wp-content\/uploads\/2026\/02\/HCC-Garde-Snowflakes-300x200.jpg 300w, https:\/\/hcc-karneval.de\/wp-content\/uploads\/2026\/02\/HCC-Garde-Snowflakes-1024x683.jpg 1024w, https:\/\/hcc-karneval.de\/wp-content\/uploads\/2026\/02\/HCC-Garde-Snowflakes-768x512.jpg 768w, https:\/\/hcc-karneval.de\/wp-content\/uploads\/2026\/02\/HCC-Garde-Snowflakes.jpg 1600w\" sizes=\"100vw\" \/>\t\t\t\t\t\t\t\t\t\t\t\t\t\t<\/div>\n\t\t\t\t\t\t<\/div>\n\t\t\t\t<\/div>\n\t\t\t\t\t\t<\/div>\n\t\t\t\t\t<\/div>\n\t\t<\/div>\n\t\t\t\t\t\t\t\t<\/div>\n\t\t\t\t\t<\/div>\n\t\t<\/section>\n\t\t\t\t<section class=\"elementor-section elementor-top-section elementor-element elementor-element-6340642 elementor-section-boxed elementor-section-height-default elementor-section-height-default\" data-id=\"6340642\" data-element_type=\"section\">\n\t\t\t\t\t\t<div class=\"elementor-container elementor-column-gap-default\">\n\t\t\t\t\t\t\t<div class=\"elementor-row\">\n\t\t\t\t\t<div class=\"elementor-column elementor-col-50 elementor-top-column elementor-element elementor-element-a1d0a75\" data-id=\"a1d0a75\" data-element_type=\"column\">\n\t\t\t<div class=\"elementor-column-wrap elementor-element-populated\">\n\t\t\t\t\t\t\t<div class=\"elementor-widget-wrap\">\n\t\t\t\t\t\t<div class=\"elementor-element elementor-element-d837b62 elementor-widget elementor-widget-image\" data-id=\"d837b62\" data-element_type=\"widget\" data-widget_type=\"image.default\">\n\t\t\t\t<div class=\"elementor-widget-container\">\n\t\t\t\t\t\t\t\t<div class=\"elementor-image\">\n\t\t\t\t\t\t\t\t\t\t\t\t<img decoding=\"async\" width=\"1499\" height=\"999\" src=\"https:\/\/hcc-karneval.de\/wp-content\/uploads\/2026\/02\/HCC-Waldboecklein1.jpg\" class=\"attachment-1536x1536 size-1536x1536 wp-image-2041\" alt=\"\" loading=\"lazy\" srcset=\"https:\/\/hcc-karneval.de\/wp-content\/uploads\/2026\/02\/HCC-Waldboecklein1.jpg 1499w, https:\/\/hcc-karneval.de\/wp-content\/uploads\/2026\/02\/HCC-Waldboecklein1-300x200.jpg 300w, https:\/\/hcc-karneval.de\/wp-content\/uploads\/2026\/02\/HCC-Waldboecklein1-1024x682.jpg 1024w, https:\/\/hcc-karneval.de\/wp-content\/uploads\/2026\/02\/HCC-Waldboecklein1-768x512.jpg 768w\" sizes=\"100vw\" \/>\t\t\t\t\t\t\t\t\t\t\t\t\t\t<\/div>\n\t\t\t\t\t\t<\/div>\n\t\t\t\t<\/div>\n\t\t\t\t\t\t<\/div>\n\t\t\t\t\t<\/div>\n\t\t<\/div>\n\t\t\t\t<div class=\"elementor-column elementor-col-50 elementor-top-column elementor-element elementor-element-3aee24f\" data-id=\"3aee24f\" data-element_type=\"column\">\n\t\t\t<div class=\"elementor-column-wrap elementor-element-populated\">\n\t\t\t\t\t\t\t<div class=\"elementor-widget-wrap\">\n\t\t\t\t\t\t<div class=\"elementor-element elementor-element-71f1802 elementor-widget elementor-widget-image\" data-id=\"71f1802\" data-element_type=\"widget\" data-widget_type=\"image.default\">\n\t\t\t\t<div class=\"elementor-widget-container\">\n\t\t\t\t\t\t\t\t<div class=\"elementor-image\">\n\t\t\t\t\t\t\t\t\t\t\t\t<img decoding=\"async\" width=\"1536\" height=\"1024\" src=\"https:\/\/hcc-karneval.de\/wp-content\/uploads\/2026\/02\/HCC-Hitparade-1536x1024.jpg\" class=\"attachment-1536x1536 size-1536x1536 wp-image-2040\" alt=\"\" loading=\"lazy\" srcset=\"https:\/\/hcc-karneval.de\/wp-content\/uploads\/2026\/02\/HCC-Hitparade-1536x1024.jpg 1536w, https:\/\/hcc-karneval.de\/wp-content\/uploads\/2026\/02\/HCC-Hitparade-300x200.jpg 300w, https:\/\/hcc-karneval.de\/wp-content\/uploads\/2026\/02\/HCC-Hitparade-1024x683.jpg 1024w, https:\/\/hcc-karneval.de\/wp-content\/uploads\/2026\/02\/HCC-Hitparade-768x512.jpg 768w, https:\/\/hcc-karneval.de\/wp-content\/uploads\/2026\/02\/HCC-Hitparade.jpg 1600w\" sizes=\"100vw\" \/>\t\t\t\t\t\t\t\t\t\t\t\t\t\t<\/div>\n\t\t\t\t\t\t<\/div>\n\t\t\t\t<\/div>\n\t\t\t\t\t\t<\/div>\n\t\t\t\t\t<\/div>\n\t\t<\/div>\n\t\t\t\t\t\t\t\t<\/div>\n\t\t\t\t\t<\/div>\n\t\t<\/section>\n\t\t\t\t<section class=\"elementor-section elementor-top-section elementor-element elementor-element-a44c791 elementor-section-boxed elementor-section-height-default elementor-section-height-default\" data-id=\"a44c791\" data-element_type=\"section\">\n\t\t\t\t\t\t<div class=\"elementor-container elementor-column-gap-default\">\n\t\t\t\t\t\t\t<div class=\"elementor-row\">\n\t\t\t\t\t<div class=\"elementor-column elementor-col-100 elementor-top-column elementor-element elementor-element-3570b81\" data-id=\"3570b81\" data-element_type=\"column\">\n\t\t\t<div class=\"elementor-column-wrap elementor-element-populated\">\n\t\t\t\t\t\t\t<div class=\"elementor-widget-wrap\">\n\t\t\t\t\t\t<div class=\"elementor-element elementor-element-2152b1d elementor-widget elementor-widget-image\" data-id=\"2152b1d\" data-element_type=\"widget\" data-widget_type=\"image.default\">\n\t\t\t\t<div class=\"elementor-widget-container\">\n\t\t\t\t\t\t\t\t<div class=\"elementor-image\">\n\t\t\t\t\t\t\t\t\t\t\t\t<img decoding=\"async\" width=\"200\" height=\"300\" src=\"https:\/\/hcc-karneval.de\/wp-content\/uploads\/2026\/02\/Major-Elian-Bluem1-200x300.jpg\" class=\"attachment-medium size-medium wp-image-2042\" alt=\"\" loading=\"lazy\" srcset=\"https:\/\/hcc-karneval.de\/wp-content\/uploads\/2026\/02\/Major-Elian-Bluem1-200x300.jpg 200w, https:\/\/hcc-karneval.de\/wp-content\/uploads\/2026\/02\/Major-Elian-Bluem1-683x1024.jpg 683w, https:\/\/hcc-karneval.de\/wp-content\/uploads\/2026\/02\/Major-Elian-Bluem1-768x1152.jpg 768w, https:\/\/hcc-karneval.de\/wp-content\/uploads\/2026\/02\/Major-Elian-Bluem1-1024x1536.jpg 1024w, https:\/\/hcc-karneval.de\/wp-content\/uploads\/2026\/02\/Major-Elian-Bluem1.jpg 1067w\" sizes=\"100vw\" \/>\t\t\t\t\t\t\t\t\t\t\t\t\t\t<\/div>\n\t\t\t\t\t\t<\/div>\n\t\t\t\t<\/div>\n\t\t\t\t\t\t<\/div>\n\t\t\t\t\t<\/div>\n\t\t<\/div>\n\t\t\t\t\t\t\t\t<\/div>\n\t\t\t\t\t<\/div>\n\t\t<\/section>\n\t\t\t\t\t\t\t\t\t<\/div>\n\t\t\t<\/div>\n\t\t\t\t\t<\/div>\n\t\t","protected":false},"excerpt":{"rendered":"<p>Von Tanz bis Musik: Hambr\u00fccken zeigt sich von seiner bunten Seite Am vergangenen Samstag, 31.01.2026 erlebte die Gemeinde Hambr\u00fccken wieder einmal eine unvergessliche Prunksitzung, die die Herzen der Narren h\u00f6her schlagen lie\u00df. Die Veranstaltung, die in der ehrenvoll dekorierten und ausverkauften Lu\u00dfhardthalle stattfand, zog zahlreiche Besucher aus der gesamten Region an und bot ein abwechslungsreiches &hellip; <\/p>\n<p class=\"link-more\"><a href=\"https:\/\/hcc-karneval.de\/?page_id=2060\" class=\"more-link\"><span class=\"screen-reader-text\">\u201ePrunksitzung 2026\u201c <\/span>weiterlesen<\/a><\/p>\n","protected":false},"author":1,"featured_media":0,"parent":59,"menu_order":0,"comment_status":"closed","ping_status":"closed","template":"","meta":[],"_links":{"self":[{"href":"https:\/\/hcc-karneval.de\/index.php?rest_route=\/wp\/v2\/pages\/2060"}],"collection":[{"href":"https:\/\/hcc-karneval.de\/index.php?rest_route=\/wp\/v2\/pages"}],"about":[{"href":"https:\/\/hcc-karneval.de\/index.php?rest_route=\/wp\/v2\/types\/page"}],"author":[{"embeddable":true,"href":"https:\/\/hcc-karneval.de\/index.php?rest_route=\/wp\/v2\/users\/1"}],"replies":[{"embeddable":true,"href":"https:\/\/hcc-karneval.de\/index.php?rest_route=%2Fwp%2Fv2%2Fcomments&post=2060"}],"version-history":[{"count":5,"href":"https:\/\/hcc-karneval.de\/index.php?rest_route=\/wp\/v2\/pages\/2060\/revisions"}],"predecessor-version":[{"id":2065,"href":"https:\/\/hcc-karneval.de\/index.php?rest_route=\/wp\/v2\/pages\/2060\/revisions\/2065"}],"up":[{"embeddable":true,"href":"https:\/\/hcc-karneval.de\/index.php?rest_route=\/wp\/v2\/pages\/59"}],"wp:attachment":[{"href":"https:\/\/hcc-karneval.de\/index.php?rest_route=%2Fwp%2Fv2%2Fmedia&parent=2060"}],"curies":[{"name":"wp","href":"https:\/\/api.w.org\/{rel}","templated":true}]}}