{"id":2074,"date":"2026-02-19T17:28:36","date_gmt":"2026-02-19T17:28:36","guid":{"rendered":"https:\/\/hcc-karneval.de\/?page_id=2074"},"modified":"2026-02-19T17:45:54","modified_gmt":"2026-02-19T17:45:54","slug":"umzug-2026","status":"publish","type":"page","link":"https:\/\/hcc-karneval.de\/?page_id=2074","title":{"rendered":"Umzug 2026"},"content":{"rendered":"\t\t<div data-elementor-type=\"wp-page\" data-elementor-id=\"2074\" class=\"elementor elementor-2074\">\n\t\t\t\t\t\t<div class=\"elementor-inner\">\n\t\t\t\t<div class=\"elementor-section-wrap\">\n\t\t\t\t\t\t\t\t\t<section class=\"elementor-section elementor-top-section elementor-element elementor-element-4ad6b51 elementor-section-boxed elementor-section-height-default elementor-section-height-default\" data-id=\"4ad6b51\" data-element_type=\"section\">\n\t\t\t\t\t\t<div class=\"elementor-container elementor-column-gap-default\">\n\t\t\t\t\t\t\t<div class=\"elementor-row\">\n\t\t\t\t\t<div class=\"elementor-column elementor-col-100 elementor-top-column elementor-element elementor-element-359813a\" data-id=\"359813a\" data-element_type=\"column\">\n\t\t\t<div class=\"elementor-column-wrap elementor-element-populated\">\n\t\t\t\t\t\t\t<div class=\"elementor-widget-wrap\">\n\t\t\t\t\t\t<div class=\"elementor-element elementor-element-6bd2780 elementor-widget elementor-widget-heading\" data-id=\"6bd2780\" data-element_type=\"widget\" data-widget_type=\"heading.default\">\n\t\t\t\t<div class=\"elementor-widget-container\">\n\t\t\t<h2 class=\"elementor-heading-title elementor-size-default\">Hambr\u00fccker Carnevals Club bringt Faschingsfreude mit \u201cguter\nLaune \u00fcberall\u201d durch die Stra\u00dfen von Hambr\u00fccken<\/h2>\t\t<\/div>\n\t\t\t\t<\/div>\n\t\t\t\t\t\t<\/div>\n\t\t\t\t\t<\/div>\n\t\t<\/div>\n\t\t\t\t\t\t\t\t<\/div>\n\t\t\t\t\t<\/div>\n\t\t<\/section>\n\t\t\t\t<section class=\"elementor-section elementor-top-section elementor-element elementor-element-bad3726 elementor-section-boxed elementor-section-height-default elementor-section-height-default\" data-id=\"bad3726\" data-element_type=\"section\">\n\t\t\t\t\t\t<div class=\"elementor-container elementor-column-gap-default\">\n\t\t\t\t\t\t\t<div class=\"elementor-row\">\n\t\t\t\t\t<div class=\"elementor-column elementor-col-100 elementor-top-column elementor-element elementor-element-df9175a\" data-id=\"df9175a\" data-element_type=\"column\">\n\t\t\t<div class=\"elementor-column-wrap elementor-element-populated\">\n\t\t\t\t\t\t\t<div class=\"elementor-widget-wrap\">\n\t\t\t\t\t\t<div class=\"elementor-element elementor-element-e0eefc6 elementor-widget elementor-widget-text-editor\" data-id=\"e0eefc6\" data-element_type=\"widget\" data-widget_type=\"text-editor.default\">\n\t\t\t\t<div class=\"elementor-widget-container\">\n\t\t\t\t\t\t\t\t<div class=\"elementor-text-editor elementor-clearfix\">\n\t\t\t\tAm vergangenen Sonntag, den 15.02.2026 fand der mit Spannung erwartete\nFaschingsumzug des Hambr\u00fccker Carnevals Clubs mit fr\u00f6hlicher Stimmung statt.\nDie Lu\u00dfhardtgemeinde verwandelte sich in ein buntes Meer aus Farben, Musik und\nguter Laune, als die Teilnehmer mit ihren fantasievollen Kost\u00fcmen und pr\u00e4chtig\ngeschm\u00fcckten W\u00e4gen durch die Stra\u00dfen zogen.<br><br>\nGetreu dem Motto \u201coben gute Laune, unten Laune, vorne gute Laune, hinten gute\nLaune, recht und links gute Laune\u2026\u201d starteten 43 Startnummern durch und sorgten\nf\u00fcr ein abwechslungsreiches und unterhaltsames Programm, das sowohl Jung als\nauch Alt begeisterte. Die kreativen Fu\u00dfgruppen und die beeindruckenden\nFaschingsw\u00e4gen zogen die Blicke der Zuschauer auf sich und luden zum Mitfeiern\nein. Von traditionellen Kost\u00fcmen bis hin zu modernen Interpretationen war f\u00fcr jeden\nGeschmack etwas dabei.<br>\nDie Zuschauer entlang der Strecke waren begeistert und feuerten die Teilnehmer mit\nfr\u00f6hlichem \u201cHelau\u201d sowie Applaus zu \u201cKarnevalsmaus\u201d und \u201cBabyBell\u201d an. Die gute\nLaune war f\u00f6rmlich sp\u00fcrbar.<br><br>\nDer Hambr\u00fccker Carnevals Club bedankt sich herzlich bei allen <b>Teilnehmern und\nHelfern, Mitgliedern und Organisatoren<\/b>, durch euren unerm\u00fcdlichen Einsatz, euer\nOrganisationstalent im Vorfeld, sowie die Hilfen im Vorder- und Hintergrund, haben\nes erm\u00f6glicht, diesen Tag zu einem unvergesslichen und gro\u00dfartigen Event zu\nmachen. Es war weitestgehend ein sehr friedvolles und harmonisches Ereignis.<br><br>\nEin herzliches Dankesch\u00f6n auch an unsere <b>Gemeinde Hambr\u00fccken<\/b> sowie den\nMitarbeitern vom <b>Bauhof Hambr\u00fccken<\/b> f\u00fcr die gro\u00dfartige Unterst\u00fctzung und die\nreibungslose Zusammenarbeit bei der Organisation des diesj\u00e4hrigen\nFaschingsumzugs. Durch euer Engagement, die sorgf\u00e4ltige Planung sowie die\nBereitstellung der notwendigen Infrastruktur und Sicherheitsma\u00dfnahmen konnte die\nVeranstaltung in einem sicheren und festlichen Rahmen stattfinden.<br><br>\nEin besonderer Dank gilt auch den <b>Einsatzkr\u00e4ften<\/b>, die w\u00e4hrend des\nFaschingsumzugs f\u00fcr die Sicherheit und das Wohlbefinden aller Teilnehmer und\nZuschauer sorgten. Ob Polizei, Feuerwehr oder Sanit\u00e4tsdienst \u2013 ihr unerm\u00fcdlicher\nEinsatz und ihre Professionalit\u00e4t haben ma\u00dfgeblich dazu beigetragen, dass die\nVeranstaltung reibungslos und ohne Zwischenf\u00e4lle verlief.<br><br>\nLast but not least m\u00f6chten wir uns bei unseren <b>Zuschauern<\/b> bedanken. Euer\nKommen und eure Begeisterung haben die Atmosph\u00e4re der Veranstaltung gepr\u00e4gt.<br>\nAuch bei den <b>Anwohnern<\/b> entlang der Umzugsstrecke m\u00f6chten wir uns herzlich\nbedanken, die ihre Begeisterung, Zeit und Energie investiert haben, um die Stra\u00dfen zu\nschm\u00fccken.<br>\nWir hoffen, dass ihr alle ebenso viel Freude hattet wie wir und freuen uns darauf,\neuch auch bei zuk\u00fcnftigen Veranstaltungen wiederzusehen.<br><br>\nF\u00fcr weitere Bilder vom Faschingsumzug und unseren Ereignissen, folgt uns gerne\nauf unseren Social-Media-Kan\u00e4len.<br><br>\nWir freuen uns auf ein baldiges Wiedersehen!<br><br>\n<b>HELAU!<\/b><br><br>\nText: Melina Hoffmann\t\t\t\t\t<\/div>\n\t\t\t\t\t\t<\/div>\n\t\t\t\t<\/div>\n\t\t\t\t\t\t<\/div>\n\t\t\t\t\t<\/div>\n\t\t<\/div>\n\t\t\t\t\t\t\t\t<\/div>\n\t\t\t\t\t<\/div>\n\t\t<\/section>\n\t\t\t\t<section class=\"elementor-section elementor-top-section elementor-element elementor-element-12ec1e3 elementor-section-boxed elementor-section-height-default elementor-section-height-default\" data-id=\"12ec1e3\" data-element_type=\"section\">\n\t\t\t\t\t\t<div class=\"elementor-container elementor-column-gap-default\">\n\t\t\t\t\t\t\t<div class=\"elementor-row\">\n\t\t\t\t\t<div class=\"elementor-column elementor-col-50 elementor-top-column elementor-element elementor-element-48ba2e2\" data-id=\"48ba2e2\" data-element_type=\"column\">\n\t\t\t<div class=\"elementor-column-wrap elementor-element-populated\">\n\t\t\t\t\t\t\t<div class=\"elementor-widget-wrap\">\n\t\t\t\t\t\t<div class=\"elementor-element elementor-element-6c7f6a1 elementor-widget elementor-widget-image\" data-id=\"6c7f6a1\" data-element_type=\"widget\" data-widget_type=\"image.default\">\n\t\t\t\t<div class=\"elementor-widget-container\">\n\t\t\t\t\t\t\t\t<div class=\"elementor-image\">\n\t\t\t\t\t\t\t\t\t\t\t\t<img decoding=\"async\" width=\"640\" height=\"420\" src=\"https:\/\/hcc-karneval.de\/wp-content\/uploads\/2026\/02\/Unknown.jpeg\" class=\"attachment-1536x1536 size-1536x1536 wp-image-2087\" alt=\"\" loading=\"lazy\" srcset=\"https:\/\/hcc-karneval.de\/wp-content\/uploads\/2026\/02\/Unknown.jpeg 640w, https:\/\/hcc-karneval.de\/wp-content\/uploads\/2026\/02\/Unknown-300x197.jpeg 300w\" sizes=\"100vw\" \/>\t\t\t\t\t\t\t\t\t\t\t\t\t\t<\/div>\n\t\t\t\t\t\t<\/div>\n\t\t\t\t<\/div>\n\t\t\t\t\t\t<\/div>\n\t\t\t\t\t<\/div>\n\t\t<\/div>\n\t\t\t\t<div class=\"elementor-column elementor-col-50 elementor-top-column elementor-element elementor-element-ef75385\" data-id=\"ef75385\" data-element_type=\"column\">\n\t\t\t<div class=\"elementor-column-wrap elementor-element-populated\">\n\t\t\t\t\t\t\t<div class=\"elementor-widget-wrap\">\n\t\t\t\t\t\t<div class=\"elementor-element elementor-element-15f301f elementor-widget elementor-widget-image\" data-id=\"15f301f\" data-element_type=\"widget\" data-widget_type=\"image.default\">\n\t\t\t\t<div class=\"elementor-widget-container\">\n\t\t\t\t\t\t\t\t<div class=\"elementor-image\">\n\t\t\t\t\t\t\t\t\t\t\t\t<img decoding=\"async\" width=\"1206\" height=\"877\" src=\"https:\/\/hcc-karneval.de\/wp-content\/uploads\/2026\/02\/IMG_0439.jpg\" class=\"attachment-full size-full wp-image-2089\" alt=\"\" loading=\"lazy\" srcset=\"https:\/\/hcc-karneval.de\/wp-content\/uploads\/2026\/02\/IMG_0439.jpg 1206w, https:\/\/hcc-karneval.de\/wp-content\/uploads\/2026\/02\/IMG_0439-300x218.jpg 300w, https:\/\/hcc-karneval.de\/wp-content\/uploads\/2026\/02\/IMG_0439-1024x745.jpg 1024w, https:\/\/hcc-karneval.de\/wp-content\/uploads\/2026\/02\/IMG_0439-768x558.jpg 768w\" sizes=\"100vw\" \/>\t\t\t\t\t\t\t\t\t\t\t\t\t\t<\/div>\n\t\t\t\t\t\t<\/div>\n\t\t\t\t<\/div>\n\t\t\t\t\t\t<\/div>\n\t\t\t\t\t<\/div>\n\t\t<\/div>\n\t\t\t\t\t\t\t\t<\/div>\n\t\t\t\t\t<\/div>\n\t\t<\/section>\n\t\t\t\t<section class=\"elementor-section elementor-top-section elementor-element elementor-element-977487c elementor-section-boxed elementor-section-height-default elementor-section-height-default\" data-id=\"977487c\" data-element_type=\"section\">\n\t\t\t\t\t\t<div class=\"elementor-container elementor-column-gap-default\">\n\t\t\t\t\t\t\t<div class=\"elementor-row\">\n\t\t\t\t\t<div class=\"elementor-column elementor-col-50 elementor-top-column elementor-element elementor-element-790cc09\" data-id=\"790cc09\" data-element_type=\"column\">\n\t\t\t<div class=\"elementor-column-wrap elementor-element-populated\">\n\t\t\t\t\t\t\t<div class=\"elementor-widget-wrap\">\n\t\t\t\t\t\t<div class=\"elementor-element elementor-element-f70c211 elementor-widget elementor-widget-image\" data-id=\"f70c211\" data-element_type=\"widget\" data-widget_type=\"image.default\">\n\t\t\t\t<div class=\"elementor-widget-container\">\n\t\t\t\t\t\t\t\t<div class=\"elementor-image\">\n\t\t\t\t\t\t\t\t\t\t\t\t<img decoding=\"async\" width=\"543\" height=\"640\" src=\"https:\/\/hcc-karneval.de\/wp-content\/uploads\/2026\/02\/IMG_0411.jpg\" class=\"attachment-1536x1536 size-1536x1536 wp-image-2090\" alt=\"\" loading=\"lazy\" srcset=\"https:\/\/hcc-karneval.de\/wp-content\/uploads\/2026\/02\/IMG_0411.jpg 543w, https:\/\/hcc-karneval.de\/wp-content\/uploads\/2026\/02\/IMG_0411-255x300.jpg 255w\" sizes=\"100vw\" \/>\t\t\t\t\t\t\t\t\t\t\t\t\t\t<\/div>\n\t\t\t\t\t\t<\/div>\n\t\t\t\t<\/div>\n\t\t\t\t\t\t<\/div>\n\t\t\t\t\t<\/div>\n\t\t<\/div>\n\t\t\t\t<div class=\"elementor-column elementor-col-50 elementor-top-column elementor-element elementor-element-0537794\" data-id=\"0537794\" data-element_type=\"column\">\n\t\t\t<div class=\"elementor-column-wrap elementor-element-populated\">\n\t\t\t\t\t\t\t<div class=\"elementor-widget-wrap\">\n\t\t\t\t\t\t<div class=\"elementor-element elementor-element-d25b7a4 elementor-widget elementor-widget-image\" data-id=\"d25b7a4\" data-element_type=\"widget\" data-widget_type=\"image.default\">\n\t\t\t\t<div class=\"elementor-widget-container\">\n\t\t\t\t\t\t\t\t<div class=\"elementor-image\">\n\t\t\t\t\t\t\t\t\t\t\t\t<img decoding=\"async\" width=\"501\" height=\"640\" src=\"https:\/\/hcc-karneval.de\/wp-content\/uploads\/2026\/02\/Unknown-1.jpeg\" class=\"attachment-1536x1536 size-1536x1536 wp-image-2088\" alt=\"\" loading=\"lazy\" srcset=\"https:\/\/hcc-karneval.de\/wp-content\/uploads\/2026\/02\/Unknown-1.jpeg 501w, https:\/\/hcc-karneval.de\/wp-content\/uploads\/2026\/02\/Unknown-1-235x300.jpeg 235w\" sizes=\"100vw\" \/>\t\t\t\t\t\t\t\t\t\t\t\t\t\t<\/div>\n\t\t\t\t\t\t<\/div>\n\t\t\t\t<\/div>\n\t\t\t\t\t\t<\/div>\n\t\t\t\t\t<\/div>\n\t\t<\/div>\n\t\t\t\t\t\t\t\t<\/div>\n\t\t\t\t\t<\/div>\n\t\t<\/section>\n\t\t\t\t<section class=\"elementor-section elementor-top-section elementor-element elementor-element-7b26efd elementor-section-boxed elementor-section-height-default elementor-section-height-default\" data-id=\"7b26efd\" data-element_type=\"section\">\n\t\t\t\t\t\t<div class=\"elementor-container elementor-column-gap-default\">\n\t\t\t\t\t\t\t<div class=\"elementor-row\">\n\t\t\t\t\t<div class=\"elementor-column elementor-col-50 elementor-top-column elementor-element elementor-element-aa9d7b1\" data-id=\"aa9d7b1\" data-element_type=\"column\">\n\t\t\t<div class=\"elementor-column-wrap elementor-element-populated\">\n\t\t\t\t\t\t\t<div class=\"elementor-widget-wrap\">\n\t\t\t\t\t\t<div class=\"elementor-element elementor-element-bff7cc8 elementor-widget elementor-widget-image\" data-id=\"bff7cc8\" data-element_type=\"widget\" data-widget_type=\"image.default\">\n\t\t\t\t<div class=\"elementor-widget-container\">\n\t\t\t\t\t\t\t\t<div class=\"elementor-image\">\n\t\t\t\t\t\t\t\t\t\t\t\t<img decoding=\"async\" width=\"640\" height=\"509\" src=\"https:\/\/hcc-karneval.de\/wp-content\/uploads\/2026\/02\/Unknown-2.jpeg\" class=\"attachment-1536x1536 size-1536x1536 wp-image-2091\" alt=\"\" loading=\"lazy\" srcset=\"https:\/\/hcc-karneval.de\/wp-content\/uploads\/2026\/02\/Unknown-2.jpeg 640w, https:\/\/hcc-karneval.de\/wp-content\/uploads\/2026\/02\/Unknown-2-300x239.jpeg 300w\" sizes=\"100vw\" \/>\t\t\t\t\t\t\t\t\t\t\t\t\t\t<\/div>\n\t\t\t\t\t\t<\/div>\n\t\t\t\t<\/div>\n\t\t\t\t\t\t<\/div>\n\t\t\t\t\t<\/div>\n\t\t<\/div>\n\t\t\t\t<div class=\"elementor-column elementor-col-50 elementor-top-column elementor-element elementor-element-7607b7a\" data-id=\"7607b7a\" data-element_type=\"column\">\n\t\t\t<div class=\"elementor-column-wrap elementor-element-populated\">\n\t\t\t\t\t\t\t<div class=\"elementor-widget-wrap\">\n\t\t\t\t\t\t<div class=\"elementor-element elementor-element-78a03a7 elementor-widget elementor-widget-image\" data-id=\"78a03a7\" data-element_type=\"widget\" data-widget_type=\"image.default\">\n\t\t\t\t<div class=\"elementor-widget-container\">\n\t\t\t\t\t\t\t\t<div class=\"elementor-image\">\n\t\t\t\t\t\t\t\t\t\t\t\t<img decoding=\"async\" width=\"1206\" height=\"764\" src=\"https:\/\/hcc-karneval.de\/wp-content\/uploads\/2026\/02\/Unknown-3.jpeg\" class=\"attachment-1536x1536 size-1536x1536 wp-image-2093\" alt=\"\" loading=\"lazy\" srcset=\"https:\/\/hcc-karneval.de\/wp-content\/uploads\/2026\/02\/Unknown-3.jpeg 1206w, https:\/\/hcc-karneval.de\/wp-content\/uploads\/2026\/02\/Unknown-3-300x190.jpeg 300w, https:\/\/hcc-karneval.de\/wp-content\/uploads\/2026\/02\/Unknown-3-1024x649.jpeg 1024w, https:\/\/hcc-karneval.de\/wp-content\/uploads\/2026\/02\/Unknown-3-768x487.jpeg 768w\" sizes=\"100vw\" \/>\t\t\t\t\t\t\t\t\t\t\t\t\t\t<\/div>\n\t\t\t\t\t\t<\/div>\n\t\t\t\t<\/div>\n\t\t\t\t\t\t<\/div>\n\t\t\t\t\t<\/div>\n\t\t<\/div>\n\t\t\t\t\t\t\t\t<\/div>\n\t\t\t\t\t<\/div>\n\t\t<\/section>\n\t\t\t\t<section class=\"elementor-section elementor-top-section elementor-element elementor-element-2474689 elementor-section-boxed elementor-section-height-default elementor-section-height-default\" data-id=\"2474689\" data-element_type=\"section\">\n\t\t\t\t\t\t<div class=\"elementor-container elementor-column-gap-default\">\n\t\t\t\t\t\t\t<div class=\"elementor-row\">\n\t\t\t\t\t<div class=\"elementor-column elementor-col-50 elementor-top-column elementor-element elementor-element-f05eeec\" data-id=\"f05eeec\" data-element_type=\"column\">\n\t\t\t<div class=\"elementor-column-wrap elementor-element-populated\">\n\t\t\t\t\t\t\t<div class=\"elementor-widget-wrap\">\n\t\t\t\t\t\t<div class=\"elementor-element elementor-element-40bc33c elementor-widget elementor-widget-image\" data-id=\"40bc33c\" data-element_type=\"widget\" data-widget_type=\"image.default\">\n\t\t\t\t<div class=\"elementor-widget-container\">\n\t\t\t\t\t\t\t\t<div class=\"elementor-image\">\n\t\t\t\t\t\t\t\t\t\t\t\t<img decoding=\"async\" width=\"640\" height=\"480\" src=\"https:\/\/hcc-karneval.de\/wp-content\/uploads\/2026\/02\/IMG_0311.jpeg\" class=\"attachment-1536x1536 size-1536x1536 wp-image-2094\" alt=\"\" loading=\"lazy\" srcset=\"https:\/\/hcc-karneval.de\/wp-content\/uploads\/2026\/02\/IMG_0311.jpeg 640w, https:\/\/hcc-karneval.de\/wp-content\/uploads\/2026\/02\/IMG_0311-300x225.jpeg 300w\" sizes=\"100vw\" \/>\t\t\t\t\t\t\t\t\t\t\t\t\t\t<\/div>\n\t\t\t\t\t\t<\/div>\n\t\t\t\t<\/div>\n\t\t\t\t\t\t<\/div>\n\t\t\t\t\t<\/div>\n\t\t<\/div>\n\t\t\t\t<div class=\"elementor-column elementor-col-50 elementor-top-column elementor-element elementor-element-bb44e7d\" data-id=\"bb44e7d\" data-element_type=\"column\">\n\t\t\t<div class=\"elementor-column-wrap elementor-element-populated\">\n\t\t\t\t\t\t\t<div class=\"elementor-widget-wrap\">\n\t\t\t\t\t\t<div class=\"elementor-element elementor-element-7114328 elementor-widget elementor-widget-image\" data-id=\"7114328\" data-element_type=\"widget\" data-widget_type=\"image.default\">\n\t\t\t\t<div class=\"elementor-widget-container\">\n\t\t\t\t\t\t\t\t<div class=\"elementor-image\">\n\t\t\t\t\t\t\t\t\t\t\t\t<img decoding=\"async\" width=\"480\" height=\"640\" src=\"https:\/\/hcc-karneval.de\/wp-content\/uploads\/2026\/02\/Unknown-4-rotated.jpeg\" class=\"attachment-1536x1536 size-1536x1536 wp-image-2095\" alt=\"\" loading=\"lazy\" srcset=\"https:\/\/hcc-karneval.de\/wp-content\/uploads\/2026\/02\/Unknown-4-rotated.jpeg 480w, https:\/\/hcc-karneval.de\/wp-content\/uploads\/2026\/02\/Unknown-4-225x300.jpeg 225w\" sizes=\"100vw\" \/>\t\t\t\t\t\t\t\t\t\t\t\t\t\t<\/div>\n\t\t\t\t\t\t<\/div>\n\t\t\t\t<\/div>\n\t\t\t\t\t\t<\/div>\n\t\t\t\t\t<\/div>\n\t\t<\/div>\n\t\t\t\t\t\t\t\t<\/div>\n\t\t\t\t\t<\/div>\n\t\t<\/section>\n\t\t\t\t<section class=\"elementor-section elementor-top-section elementor-element elementor-element-0bc42d2 elementor-section-boxed elementor-section-height-default elementor-section-height-default\" data-id=\"0bc42d2\" data-element_type=\"section\">\n\t\t\t\t\t\t<div class=\"elementor-container elementor-column-gap-default\">\n\t\t\t\t\t\t\t<div class=\"elementor-row\">\n\t\t\t\t\t<div class=\"elementor-column elementor-col-50 elementor-top-column elementor-element elementor-element-ad3c467\" data-id=\"ad3c467\" data-element_type=\"column\">\n\t\t\t<div class=\"elementor-column-wrap elementor-element-populated\">\n\t\t\t\t\t\t\t<div class=\"elementor-widget-wrap\">\n\t\t\t\t\t\t<div class=\"elementor-element elementor-element-5816326 elementor-widget elementor-widget-image\" data-id=\"5816326\" data-element_type=\"widget\" data-widget_type=\"image.default\">\n\t\t\t\t<div class=\"elementor-widget-container\">\n\t\t\t\t\t\t\t\t<div class=\"elementor-image\">\n\t\t\t\t\t\t\t\t\t\t\t\t<img decoding=\"async\" width=\"480\" height=\"640\" src=\"https:\/\/hcc-karneval.de\/wp-content\/uploads\/2026\/02\/IMG_0304-rotated.jpeg\" class=\"attachment-1536x1536 size-1536x1536 wp-image-2096\" alt=\"\" loading=\"lazy\" srcset=\"https:\/\/hcc-karneval.de\/wp-content\/uploads\/2026\/02\/IMG_0304-rotated.jpeg 480w, https:\/\/hcc-karneval.de\/wp-content\/uploads\/2026\/02\/IMG_0304-225x300.jpeg 225w\" sizes=\"100vw\" \/>\t\t\t\t\t\t\t\t\t\t\t\t\t\t<\/div>\n\t\t\t\t\t\t<\/div>\n\t\t\t\t<\/div>\n\t\t\t\t\t\t<\/div>\n\t\t\t\t\t<\/div>\n\t\t<\/div>\n\t\t\t\t<div class=\"elementor-column elementor-col-50 elementor-top-column elementor-element elementor-element-eac388c\" data-id=\"eac388c\" data-element_type=\"column\">\n\t\t\t<div class=\"elementor-column-wrap elementor-element-populated\">\n\t\t\t\t\t\t\t<div class=\"elementor-widget-wrap\">\n\t\t\t\t\t\t<div class=\"elementor-element elementor-element-41ead93 elementor-widget elementor-widget-image\" data-id=\"41ead93\" data-element_type=\"widget\" data-widget_type=\"image.default\">\n\t\t\t\t<div class=\"elementor-widget-container\">\n\t\t\t\t\t\t\t\t<div class=\"elementor-image\">\n\t\t\t\t\t\t\t\t\t\t\t\t<img decoding=\"async\" width=\"391\" height=\"640\" src=\"https:\/\/hcc-karneval.de\/wp-content\/uploads\/2026\/02\/IMG_0409.jpg\" class=\"attachment-1536x1536 size-1536x1536 wp-image-2092\" alt=\"\" loading=\"lazy\" srcset=\"https:\/\/hcc-karneval.de\/wp-content\/uploads\/2026\/02\/IMG_0409.jpg 391w, https:\/\/hcc-karneval.de\/wp-content\/uploads\/2026\/02\/IMG_0409-183x300.jpg 183w\" sizes=\"100vw\" \/>\t\t\t\t\t\t\t\t\t\t\t\t\t\t<\/div>\n\t\t\t\t\t\t<\/div>\n\t\t\t\t<\/div>\n\t\t\t\t\t\t<\/div>\n\t\t\t\t\t<\/div>\n\t\t<\/div>\n\t\t\t\t\t\t\t\t<\/div>\n\t\t\t\t\t<\/div>\n\t\t<\/section>\n\t\t\t\t\t\t\t\t\t<\/div>\n\t\t\t<\/div>\n\t\t\t\t\t<\/div>\n\t\t","protected":false},"excerpt":{"rendered":"<p>Hambr\u00fccker Carnevals Club bringt Faschingsfreude mit \u201cguter Laune \u00fcberall\u201d durch die Stra\u00dfen von Hambr\u00fccken Am vergangenen Sonntag, den 15.02.2026 fand der mit Spannung erwartete Faschingsumzug des Hambr\u00fccker Carnevals Clubs mit fr\u00f6hlicher Stimmung statt. Die Lu\u00dfhardtgemeinde verwandelte sich in ein buntes Meer aus Farben, Musik und guter Laune, als die Teilnehmer mit ihren fantasievollen Kost\u00fcmen und &hellip; <\/p>\n<p class=\"link-more\"><a href=\"https:\/\/hcc-karneval.de\/?page_id=2074\" class=\"more-link\"><span class=\"screen-reader-text\">\u201eUmzug 2026\u201c <\/span>weiterlesen<\/a><\/p>\n","protected":false},"author":1,"featured_media":0,"parent":61,"menu_order":0,"comment_status":"closed","ping_status":"closed","template":"","meta":[],"_links":{"self":[{"href":"https:\/\/hcc-karneval.de\/index.php?rest_route=\/wp\/v2\/pages\/2074"}],"collection":[{"href":"https:\/\/hcc-karneval.de\/index.php?rest_route=\/wp\/v2\/pages"}],"about":[{"href":"https:\/\/hcc-karneval.de\/index.php?rest_route=\/wp\/v2\/types\/page"}],"author":[{"embeddable":true,"href":"https:\/\/hcc-karneval.de\/index.php?rest_route=\/wp\/v2\/users\/1"}],"replies":[{"embeddable":true,"href":"https:\/\/hcc-karneval.de\/index.php?rest_route=%2Fwp%2Fv2%2Fcomments&post=2074"}],"version-history":[{"count":10,"href":"https:\/\/hcc-karneval.de\/index.php?rest_route=\/wp\/v2\/pages\/2074\/revisions"}],"predecessor-version":[{"id":2103,"href":"https:\/\/hcc-karneval.de\/index.php?rest_route=\/wp\/v2\/pages\/2074\/revisions\/2103"}],"up":[{"embeddable":true,"href":"https:\/\/hcc-karneval.de\/index.php?rest_route=\/wp\/v2\/pages\/61"}],"wp:attachment":[{"href":"https:\/\/hcc-karneval.de\/index.php?rest_route=%2Fwp%2Fv2%2Fmedia&parent=2074"}],"curies":[{"name":"wp","href":"https:\/\/api.w.org\/{rel}","templated":true}]}}