{"id":57,"date":"2019-12-04T19:45:27","date_gmt":"2019-12-04T19:45:27","guid":{"rendered":"http:\/\/hcc-karneval.de\/?page_id=57"},"modified":"2020-06-29T07:28:03","modified_gmt":"2020-06-29T07:28:03","slug":"abteilungen","status":"publish","type":"page","link":"https:\/\/hcc-karneval.de\/?page_id=57","title":{"rendered":"Abteilungen"},"content":{"rendered":"\t\t<div data-elementor-type=\"wp-page\" data-elementor-id=\"57\" class=\"elementor elementor-57\">\n\t\t\t\t\t\t<div class=\"elementor-inner\">\n\t\t\t\t<div class=\"elementor-section-wrap\">\n\t\t\t\t\t\t\t\t\t<section class=\"elementor-section elementor-top-section elementor-element elementor-element-c51ce4a elementor-section-boxed elementor-section-height-default elementor-section-height-default\" data-id=\"c51ce4a\" data-element_type=\"section\">\n\t\t\t\t\t\t<div class=\"elementor-container elementor-column-gap-default\">\n\t\t\t\t\t\t\t<div class=\"elementor-row\">\n\t\t\t\t\t<div class=\"elementor-column elementor-col-100 elementor-top-column elementor-element elementor-element-998f91b\" data-id=\"998f91b\" data-element_type=\"column\">\n\t\t\t<div class=\"elementor-column-wrap elementor-element-populated\">\n\t\t\t\t\t\t\t<div class=\"elementor-widget-wrap\">\n\t\t\t\t\t\t<div class=\"elementor-element elementor-element-e7245d7 elementor-widget elementor-widget-heading\" data-id=\"e7245d7\" data-element_type=\"widget\" data-widget_type=\"heading.default\">\n\t\t\t\t<div class=\"elementor-widget-container\">\n\t\t\t<h1 class=\"elementor-heading-title elementor-size-default\">Abteilungen<\/h1>\t\t<\/div>\n\t\t\t\t<\/div>\n\t\t\t\t<div class=\"elementor-element elementor-element-3c3270d elementor-widget elementor-widget-text-editor\" data-id=\"3c3270d\" data-element_type=\"widget\" data-widget_type=\"text-editor.default\">\n\t\t\t\t<div class=\"elementor-widget-container\">\n\t\t\t\t\t\t\t\t<div class=\"elementor-text-editor elementor-clearfix\">\n\t\t\t\t<p style=\"text-align: center;\">Der Hambr\u00fccker Carnevals Club hat insgesamt acht Abteilungen, die sich \u00fcber die Jahre einen Platz in unserem J\u00e4hrlichen Programm der Hambr\u00fccker Prunksitzung etabliert haben und kaum mehr wegzudenken sind.<br><span style=\"font-size: 1rem;\">Ob jung oder alt. M\u00e4nnlein, Weiblein oder Divers. Hier kann jeder mitmachen, Ideen einbringen und einfach nur Spa\u00df haben.<\/span><\/p>\t\t\t\t\t<\/div>\n\t\t\t\t\t\t<\/div>\n\t\t\t\t<\/div>\n\t\t\t\t\t\t<\/div>\n\t\t\t\t\t<\/div>\n\t\t<\/div>\n\t\t\t\t\t\t\t\t<\/div>\n\t\t\t\t\t<\/div>\n\t\t<\/section>\n\t\t\t\t<section class=\"elementor-section elementor-top-section elementor-element elementor-element-a55d69f elementor-section-boxed elementor-section-height-default elementor-section-height-default\" data-id=\"a55d69f\" data-element_type=\"section\">\n\t\t\t\t\t\t<div class=\"elementor-container elementor-column-gap-default\">\n\t\t\t\t\t\t\t<div class=\"elementor-row\">\n\t\t\t\t\t<div class=\"elementor-column elementor-col-33 elementor-top-column elementor-element elementor-element-2fe93de\" data-id=\"2fe93de\" data-element_type=\"column\">\n\t\t\t<div class=\"elementor-column-wrap elementor-element-populated\">\n\t\t\t\t\t\t\t<div class=\"elementor-widget-wrap\">\n\t\t\t\t\t\t<div class=\"elementor-element elementor-element-21cfdf5 elementor-widget elementor-widget-image\" data-id=\"21cfdf5\" data-element_type=\"widget\" data-widget_type=\"image.default\">\n\t\t\t\t<div class=\"elementor-widget-container\">\n\t\t\t\t\t\t\t\t<div class=\"elementor-image\">\n\t\t\t\t\t\t\t\t\t\t\t\t\t<a href=\"https:\/\/hcc-karneval.de\/?page_id=113\">\n\t\t\t\t\t\t\t<img decoding=\"async\" src=\"https:\/\/hcc-karneval.de\/wp-content\/plugins\/elementor\/assets\/images\/placeholder.png\" title=\"\" alt=\"\" loading=\"lazy\" \/>\t\t\t\t\t\t\t\t<\/a>\n\t\t\t\t\t\t\t\t\t\t\t\t\t\t<\/div>\n\t\t\t\t\t\t<\/div>\n\t\t\t\t<\/div>\n\t\t\t\t<div class=\"elementor-element elementor-element-4382529 elementor-widget elementor-widget-heading\" data-id=\"4382529\" data-element_type=\"widget\" data-widget_type=\"heading.default\">\n\t\t\t\t<div class=\"elementor-widget-container\">\n\t\t\t<h4 class=\"elementor-heading-title elementor-size-default\"><a href=\"https:\/\/hcc-karneval.de\/?page_id=113\">Vorstand<\/a><\/h4>\t\t<\/div>\n\t\t\t\t<\/div>\n\t\t\t\t\t\t<\/div>\n\t\t\t\t\t<\/div>\n\t\t<\/div>\n\t\t\t\t<div class=\"elementor-column elementor-col-33 elementor-top-column elementor-element elementor-element-d384316\" data-id=\"d384316\" data-element_type=\"column\">\n\t\t\t<div class=\"elementor-column-wrap elementor-element-populated\">\n\t\t\t\t\t\t\t<div class=\"elementor-widget-wrap\">\n\t\t\t\t\t\t<div class=\"elementor-element elementor-element-d373648 elementor-widget elementor-widget-image\" data-id=\"d373648\" data-element_type=\"widget\" data-widget_type=\"image.default\">\n\t\t\t\t<div class=\"elementor-widget-container\">\n\t\t\t\t\t\t\t\t<div class=\"elementor-image\">\n\t\t\t\t\t\t\t\t\t\t\t\t\t<a href=\"https:\/\/hcc-karneval.de\/?page_id=114\">\n\t\t\t\t\t\t\t<img decoding=\"async\" src=\"https:\/\/hcc-karneval.de\/wp-content\/plugins\/elementor\/assets\/images\/placeholder.png\" title=\"\" alt=\"\" loading=\"lazy\" \/>\t\t\t\t\t\t\t\t<\/a>\n\t\t\t\t\t\t\t\t\t\t\t\t\t\t<\/div>\n\t\t\t\t\t\t<\/div>\n\t\t\t\t<\/div>\n\t\t\t\t<div class=\"elementor-element elementor-element-b484916 elementor-widget elementor-widget-heading\" data-id=\"b484916\" data-element_type=\"widget\" data-widget_type=\"heading.default\">\n\t\t\t\t<div class=\"elementor-widget-container\">\n\t\t\t<h4 class=\"elementor-heading-title elementor-size-default\"><a href=\"https:\/\/hcc-karneval.de\/?page_id=114\">Rotkittel<\/a><\/h4>\t\t<\/div>\n\t\t\t\t<\/div>\n\t\t\t\t\t\t<\/div>\n\t\t\t\t\t<\/div>\n\t\t<\/div>\n\t\t\t\t<div class=\"elementor-column elementor-col-33 elementor-top-column elementor-element elementor-element-b16dd1a\" data-id=\"b16dd1a\" data-element_type=\"column\">\n\t\t\t<div class=\"elementor-column-wrap elementor-element-populated\">\n\t\t\t\t\t\t\t<div class=\"elementor-widget-wrap\">\n\t\t\t\t\t\t<div class=\"elementor-element elementor-element-1f1cec3 elementor-widget elementor-widget-image\" data-id=\"1f1cec3\" data-element_type=\"widget\" data-widget_type=\"image.default\">\n\t\t\t\t<div class=\"elementor-widget-container\">\n\t\t\t\t\t\t\t\t<div class=\"elementor-image\">\n\t\t\t\t\t\t\t\t\t\t\t\t\t<a href=\"https:\/\/hcc-karneval.de\/?page_id=775\">\n\t\t\t\t\t\t\t<img decoding=\"async\" width=\"525\" height=\"350\" src=\"https:\/\/hcc-karneval.de\/wp-content\/uploads\/2019\/12\/HCC-Prunksitzung-2019_0212-1024x683.jpg\" class=\"attachment-large size-large wp-image-294\" alt=\"\" loading=\"lazy\" srcset=\"https:\/\/hcc-karneval.de\/wp-content\/uploads\/2019\/12\/HCC-Prunksitzung-2019_0212-1024x683.jpg 1024w, https:\/\/hcc-karneval.de\/wp-content\/uploads\/2019\/12\/HCC-Prunksitzung-2019_0212-300x200.jpg 300w, https:\/\/hcc-karneval.de\/wp-content\/uploads\/2019\/12\/HCC-Prunksitzung-2019_0212-768x512.jpg 768w, https:\/\/hcc-karneval.de\/wp-content\/uploads\/2019\/12\/HCC-Prunksitzung-2019_0212-1536x1024.jpg 1536w, https:\/\/hcc-karneval.de\/wp-content\/uploads\/2019\/12\/HCC-Prunksitzung-2019_0212-2048x1365.jpg 2048w\" sizes=\"100vw\" \/>\t\t\t\t\t\t\t\t<\/a>\n\t\t\t\t\t\t\t\t\t\t\t\t\t\t<\/div>\n\t\t\t\t\t\t<\/div>\n\t\t\t\t<\/div>\n\t\t\t\t<div class=\"elementor-element elementor-element-15c6e77 elementor-widget elementor-widget-heading\" data-id=\"15c6e77\" data-element_type=\"widget\" data-widget_type=\"heading.default\">\n\t\t\t\t<div class=\"elementor-widget-container\">\n\t\t\t<h4 class=\"elementor-heading-title elementor-size-default\"><a href=\"https:\/\/hcc-karneval.de\/?page_id=775\">Waldb\u00f6cklen<\/a><\/h4>\t\t<\/div>\n\t\t\t\t<\/div>\n\t\t\t\t\t\t<\/div>\n\t\t\t\t\t<\/div>\n\t\t<\/div>\n\t\t\t\t\t\t\t\t<\/div>\n\t\t\t\t\t<\/div>\n\t\t<\/section>\n\t\t\t\t<section class=\"elementor-section elementor-top-section elementor-element elementor-element-a50b84f elementor-section-boxed elementor-section-height-default elementor-section-height-default\" data-id=\"a50b84f\" data-element_type=\"section\">\n\t\t\t\t\t\t<div class=\"elementor-container elementor-column-gap-default\">\n\t\t\t\t\t\t\t<div class=\"elementor-row\">\n\t\t\t\t\t<div class=\"elementor-column elementor-col-33 elementor-top-column elementor-element elementor-element-edfc1d0\" data-id=\"edfc1d0\" data-element_type=\"column\">\n\t\t\t<div class=\"elementor-column-wrap elementor-element-populated\">\n\t\t\t\t\t\t\t<div class=\"elementor-widget-wrap\">\n\t\t\t\t\t\t<div class=\"elementor-element elementor-element-5d37702 elementor-widget elementor-widget-image\" data-id=\"5d37702\" data-element_type=\"widget\" data-widget_type=\"image.default\">\n\t\t\t\t<div class=\"elementor-widget-container\">\n\t\t\t\t\t\t\t\t<div class=\"elementor-image\">\n\t\t\t\t\t\t\t\t\t\t\t\t\t<a href=\"https:\/\/hcc-karneval.de\/?page_id=790\">\n\t\t\t\t\t\t\t<img decoding=\"async\" width=\"525\" height=\"350\" src=\"https:\/\/hcc-karneval.de\/wp-content\/uploads\/2019\/12\/HCC-Prunksitzung-2019_0358-1024x683.jpg\" class=\"attachment-large size-large wp-image-337\" alt=\"\" loading=\"lazy\" srcset=\"https:\/\/hcc-karneval.de\/wp-content\/uploads\/2019\/12\/HCC-Prunksitzung-2019_0358-1024x683.jpg 1024w, https:\/\/hcc-karneval.de\/wp-content\/uploads\/2019\/12\/HCC-Prunksitzung-2019_0358-300x200.jpg 300w, https:\/\/hcc-karneval.de\/wp-content\/uploads\/2019\/12\/HCC-Prunksitzung-2019_0358-768x512.jpg 768w, https:\/\/hcc-karneval.de\/wp-content\/uploads\/2019\/12\/HCC-Prunksitzung-2019_0358-1536x1024.jpg 1536w, https:\/\/hcc-karneval.de\/wp-content\/uploads\/2019\/12\/HCC-Prunksitzung-2019_0358-2048x1365.jpg 2048w\" sizes=\"100vw\" \/>\t\t\t\t\t\t\t\t<\/a>\n\t\t\t\t\t\t\t\t\t\t\t\t\t\t<\/div>\n\t\t\t\t\t\t<\/div>\n\t\t\t\t<\/div>\n\t\t\t\t<div class=\"elementor-element elementor-element-a81ed43 elementor-widget elementor-widget-heading\" data-id=\"a81ed43\" data-element_type=\"widget\" data-widget_type=\"heading.default\">\n\t\t\t\t<div class=\"elementor-widget-container\">\n\t\t\t<h4 class=\"elementor-heading-title elementor-size-default\"><a href=\"https:\/\/hcc-karneval.de\/?page_id=790\">Snowflakes<\/a><\/h4>\t\t<\/div>\n\t\t\t\t<\/div>\n\t\t\t\t\t\t<\/div>\n\t\t\t\t\t<\/div>\n\t\t<\/div>\n\t\t\t\t<div class=\"elementor-column elementor-col-33 elementor-top-column elementor-element elementor-element-07aec1e\" data-id=\"07aec1e\" data-element_type=\"column\">\n\t\t\t<div class=\"elementor-column-wrap elementor-element-populated\">\n\t\t\t\t\t\t\t<div class=\"elementor-widget-wrap\">\n\t\t\t\t\t\t<div class=\"elementor-element elementor-element-0c59a74 elementor-widget elementor-widget-image\" data-id=\"0c59a74\" data-element_type=\"widget\" data-widget_type=\"image.default\">\n\t\t\t\t<div class=\"elementor-widget-container\">\n\t\t\t\t\t\t\t\t<div class=\"elementor-image\">\n\t\t\t\t\t\t\t\t\t\t\t\t\t<a href=\"https:\/\/hcc-karneval.de\/?page_id=797\">\n\t\t\t\t\t\t\t<img decoding=\"async\" width=\"525\" height=\"350\" src=\"https:\/\/hcc-karneval.de\/wp-content\/uploads\/2019\/12\/HCC-Prunksitzung-2019_0414-1024x683.jpg\" class=\"attachment-large size-large wp-image-330\" alt=\"\" loading=\"lazy\" srcset=\"https:\/\/hcc-karneval.de\/wp-content\/uploads\/2019\/12\/HCC-Prunksitzung-2019_0414-1024x683.jpg 1024w, https:\/\/hcc-karneval.de\/wp-content\/uploads\/2019\/12\/HCC-Prunksitzung-2019_0414-300x200.jpg 300w, https:\/\/hcc-karneval.de\/wp-content\/uploads\/2019\/12\/HCC-Prunksitzung-2019_0414-768x512.jpg 768w, https:\/\/hcc-karneval.de\/wp-content\/uploads\/2019\/12\/HCC-Prunksitzung-2019_0414-1536x1024.jpg 1536w, https:\/\/hcc-karneval.de\/wp-content\/uploads\/2019\/12\/HCC-Prunksitzung-2019_0414-2048x1365.jpg 2048w\" sizes=\"100vw\" \/>\t\t\t\t\t\t\t\t<\/a>\n\t\t\t\t\t\t\t\t\t\t\t\t\t\t<\/div>\n\t\t\t\t\t\t<\/div>\n\t\t\t\t<\/div>\n\t\t\t\t<div class=\"elementor-element elementor-element-98497b2 elementor-widget elementor-widget-heading\" data-id=\"98497b2\" data-element_type=\"widget\" data-widget_type=\"heading.default\">\n\t\t\t\t<div class=\"elementor-widget-container\">\n\t\t\t<h4 class=\"elementor-heading-title elementor-size-default\"><a href=\"https:\/\/hcc-karneval.de\/?page_id=797\">Feuerfunken<\/a><\/h4>\t\t<\/div>\n\t\t\t\t<\/div>\n\t\t\t\t\t\t<\/div>\n\t\t\t\t\t<\/div>\n\t\t<\/div>\n\t\t\t\t<div class=\"elementor-column elementor-col-33 elementor-top-column elementor-element elementor-element-441117a\" data-id=\"441117a\" data-element_type=\"column\">\n\t\t\t<div class=\"elementor-column-wrap elementor-element-populated\">\n\t\t\t\t\t\t\t<div class=\"elementor-widget-wrap\">\n\t\t\t\t\t\t<div class=\"elementor-element elementor-element-7dd9974 elementor-widget elementor-widget-image\" data-id=\"7dd9974\" data-element_type=\"widget\" data-widget_type=\"image.default\">\n\t\t\t\t<div class=\"elementor-widget-container\">\n\t\t\t\t\t\t\t\t<div class=\"elementor-image\">\n\t\t\t\t\t\t\t\t\t\t\t\t\t<a href=\"https:\/\/hcc-karneval.de\/?page_id=804\">\n\t\t\t\t\t\t\t<img decoding=\"async\" width=\"525\" height=\"350\" src=\"https:\/\/hcc-karneval.de\/wp-content\/uploads\/2019\/12\/IMG_0115-1024x683.jpg\" class=\"attachment-large size-large wp-image-263\" alt=\"\" loading=\"lazy\" srcset=\"https:\/\/hcc-karneval.de\/wp-content\/uploads\/2019\/12\/IMG_0115-1024x683.jpg 1024w, https:\/\/hcc-karneval.de\/wp-content\/uploads\/2019\/12\/IMG_0115-300x200.jpg 300w, https:\/\/hcc-karneval.de\/wp-content\/uploads\/2019\/12\/IMG_0115-768x512.jpg 768w, https:\/\/hcc-karneval.de\/wp-content\/uploads\/2019\/12\/IMG_0115-1536x1024.jpg 1536w, https:\/\/hcc-karneval.de\/wp-content\/uploads\/2019\/12\/IMG_0115-2048x1365.jpg 2048w\" sizes=\"100vw\" \/>\t\t\t\t\t\t\t\t<\/a>\n\t\t\t\t\t\t\t\t\t\t\t\t\t\t<\/div>\n\t\t\t\t\t\t<\/div>\n\t\t\t\t<\/div>\n\t\t\t\t<div class=\"elementor-element elementor-element-4d2afce elementor-widget elementor-widget-heading\" data-id=\"4d2afce\" data-element_type=\"widget\" data-widget_type=\"heading.default\">\n\t\t\t\t<div class=\"elementor-widget-container\">\n\t\t\t<h4 class=\"elementor-heading-title elementor-size-default\"><a href=\"https:\/\/hcc-karneval.de\/?page_id=804\">Next Generation<\/a><\/h4>\t\t<\/div>\n\t\t\t\t<\/div>\n\t\t\t\t\t\t<\/div>\n\t\t\t\t\t<\/div>\n\t\t<\/div>\n\t\t\t\t\t\t\t\t<\/div>\n\t\t\t\t\t<\/div>\n\t\t<\/section>\n\t\t\t\t<section class=\"elementor-section elementor-top-section elementor-element elementor-element-abae36f elementor-section-boxed elementor-section-height-default elementor-section-height-default\" data-id=\"abae36f\" data-element_type=\"section\">\n\t\t\t\t\t\t<div class=\"elementor-container elementor-column-gap-default\">\n\t\t\t\t\t\t\t<div class=\"elementor-row\">\n\t\t\t\t\t<div class=\"elementor-column elementor-col-33 elementor-top-column elementor-element elementor-element-f7eb938\" data-id=\"f7eb938\" data-element_type=\"column\">\n\t\t\t<div class=\"elementor-column-wrap elementor-element-populated\">\n\t\t\t\t\t\t\t<div class=\"elementor-widget-wrap\">\n\t\t\t\t\t\t<div class=\"elementor-element elementor-element-9563ff9 elementor-widget elementor-widget-image\" data-id=\"9563ff9\" data-element_type=\"widget\" data-widget_type=\"image.default\">\n\t\t\t\t<div class=\"elementor-widget-container\">\n\t\t\t\t\t\t\t\t<div class=\"elementor-image\">\n\t\t\t\t\t\t\t\t\t\t\t\t\t<a href=\"https:\/\/hcc-karneval.de\/?page_id=810\">\n\t\t\t\t\t\t\t<img decoding=\"async\" width=\"525\" height=\"350\" src=\"https:\/\/hcc-karneval.de\/wp-content\/uploads\/2019\/12\/HCC-Prunksitzung-2018_0438-1024x683.jpg\" class=\"attachment-large size-large wp-image-360\" alt=\"\" loading=\"lazy\" srcset=\"https:\/\/hcc-karneval.de\/wp-content\/uploads\/2019\/12\/HCC-Prunksitzung-2018_0438-1024x683.jpg 1024w, https:\/\/hcc-karneval.de\/wp-content\/uploads\/2019\/12\/HCC-Prunksitzung-2018_0438-300x200.jpg 300w, https:\/\/hcc-karneval.de\/wp-content\/uploads\/2019\/12\/HCC-Prunksitzung-2018_0438-768x512.jpg 768w, https:\/\/hcc-karneval.de\/wp-content\/uploads\/2019\/12\/HCC-Prunksitzung-2018_0438-1536x1024.jpg 1536w, https:\/\/hcc-karneval.de\/wp-content\/uploads\/2019\/12\/HCC-Prunksitzung-2018_0438-2048x1365.jpg 2048w\" sizes=\"100vw\" \/>\t\t\t\t\t\t\t\t<\/a>\n\t\t\t\t\t\t\t\t\t\t\t\t\t\t<\/div>\n\t\t\t\t\t\t<\/div>\n\t\t\t\t<\/div>\n\t\t\t\t<div class=\"elementor-element elementor-element-c0fa1d4 elementor-widget elementor-widget-heading\" data-id=\"c0fa1d4\" data-element_type=\"widget\" data-widget_type=\"heading.default\">\n\t\t\t\t<div class=\"elementor-widget-container\">\n\t\t\t<h4 class=\"elementor-heading-title elementor-size-default\"><a href=\"https:\/\/hcc-karneval.de\/?page_id=810\">Alptraumdivas<\/a><\/h4>\t\t<\/div>\n\t\t\t\t<\/div>\n\t\t\t\t\t\t<\/div>\n\t\t\t\t\t<\/div>\n\t\t<\/div>\n\t\t\t\t<div class=\"elementor-column elementor-col-33 elementor-top-column elementor-element elementor-element-bdc2f5d\" data-id=\"bdc2f5d\" data-element_type=\"column\">\n\t\t\t<div class=\"elementor-column-wrap elementor-element-populated\">\n\t\t\t\t\t\t\t<div class=\"elementor-widget-wrap\">\n\t\t\t\t\t\t<div class=\"elementor-element elementor-element-3cd47c8 elementor-widget elementor-widget-image\" data-id=\"3cd47c8\" data-element_type=\"widget\" data-widget_type=\"image.default\">\n\t\t\t\t<div class=\"elementor-widget-container\">\n\t\t\t\t\t\t\t\t<div class=\"elementor-image\">\n\t\t\t\t\t\t\t\t\t\t\t\t\t<a href=\"https:\/\/hcc-karneval.de\/?page_id=116\">\n\t\t\t\t\t\t\t<img decoding=\"async\" width=\"525\" height=\"350\" src=\"https:\/\/hcc-karneval.de\/wp-content\/uploads\/2019\/12\/HCC-Prunksitzung-2019_0386-1024x683.jpg\" class=\"attachment-large size-large wp-image-333\" alt=\"\" loading=\"lazy\" srcset=\"https:\/\/hcc-karneval.de\/wp-content\/uploads\/2019\/12\/HCC-Prunksitzung-2019_0386-1024x683.jpg 1024w, https:\/\/hcc-karneval.de\/wp-content\/uploads\/2019\/12\/HCC-Prunksitzung-2019_0386-300x200.jpg 300w, https:\/\/hcc-karneval.de\/wp-content\/uploads\/2019\/12\/HCC-Prunksitzung-2019_0386-768x512.jpg 768w, https:\/\/hcc-karneval.de\/wp-content\/uploads\/2019\/12\/HCC-Prunksitzung-2019_0386-1536x1024.jpg 1536w, https:\/\/hcc-karneval.de\/wp-content\/uploads\/2019\/12\/HCC-Prunksitzung-2019_0386-2048x1365.jpg 2048w\" sizes=\"100vw\" \/>\t\t\t\t\t\t\t\t<\/a>\n\t\t\t\t\t\t\t\t\t\t\t\t\t\t<\/div>\n\t\t\t\t\t\t<\/div>\n\t\t\t\t<\/div>\n\t\t\t\t<div class=\"elementor-element elementor-element-ea4524d elementor-widget elementor-widget-heading\" data-id=\"ea4524d\" data-element_type=\"widget\" data-widget_type=\"heading.default\">\n\t\t\t\t<div class=\"elementor-widget-container\">\n\t\t\t<h4 class=\"elementor-heading-title elementor-size-default\"><a href=\"https:\/\/hcc-karneval.de\/?page_id=819\">Demmellerchen<\/a><\/h4>\t\t<\/div>\n\t\t\t\t<\/div>\n\t\t\t\t\t\t<\/div>\n\t\t\t\t\t<\/div>\n\t\t<\/div>\n\t\t\t\t<div class=\"elementor-column elementor-col-33 elementor-top-column elementor-element elementor-element-340e59c\" data-id=\"340e59c\" data-element_type=\"column\">\n\t\t\t<div class=\"elementor-column-wrap elementor-element-populated\">\n\t\t\t\t\t\t\t<div class=\"elementor-widget-wrap\">\n\t\t\t\t\t\t<div class=\"elementor-element elementor-element-cc09502 elementor-widget elementor-widget-image\" data-id=\"cc09502\" data-element_type=\"widget\" data-widget_type=\"image.default\">\n\t\t\t\t<div class=\"elementor-widget-container\">\n\t\t\t\t\t\t\t\t<div class=\"elementor-image\">\n\t\t\t\t\t\t\t\t\t\t\t\t\t<a href=\"https:\/\/hcc-karneval.de\/?page_id=832\">\n\t\t\t\t\t\t\t<img decoding=\"async\" width=\"525\" height=\"350\" src=\"https:\/\/hcc-karneval.de\/wp-content\/uploads\/2020\/02\/HCC-Prunksitzung-2020_0420-1024x683.jpg\" class=\"attachment-large size-large wp-image-663\" alt=\"\" loading=\"lazy\" srcset=\"https:\/\/hcc-karneval.de\/wp-content\/uploads\/2020\/02\/HCC-Prunksitzung-2020_0420-1024x683.jpg 1024w, https:\/\/hcc-karneval.de\/wp-content\/uploads\/2020\/02\/HCC-Prunksitzung-2020_0420-300x200.jpg 300w, https:\/\/hcc-karneval.de\/wp-content\/uploads\/2020\/02\/HCC-Prunksitzung-2020_0420-768x512.jpg 768w, https:\/\/hcc-karneval.de\/wp-content\/uploads\/2020\/02\/HCC-Prunksitzung-2020_0420-1536x1024.jpg 1536w, https:\/\/hcc-karneval.de\/wp-content\/uploads\/2020\/02\/HCC-Prunksitzung-2020_0420-2048x1365.jpg 2048w\" sizes=\"100vw\" \/>\t\t\t\t\t\t\t\t<\/a>\n\t\t\t\t\t\t\t\t\t\t\t\t\t\t<\/div>\n\t\t\t\t\t\t<\/div>\n\t\t\t\t<\/div>\n\t\t\t\t<div class=\"elementor-element elementor-element-4c7c036 elementor-widget elementor-widget-heading\" data-id=\"4c7c036\" data-element_type=\"widget\" data-widget_type=\"heading.default\">\n\t\t\t\t<div class=\"elementor-widget-container\">\n\t\t\t<h4 class=\"elementor-heading-title elementor-size-default\"><a href=\"https:\/\/hcc-karneval.de\/?page_id=832\">Hitparade<\/a><\/h4>\t\t<\/div>\n\t\t\t\t<\/div>\n\t\t\t\t\t\t<\/div>\n\t\t\t\t\t<\/div>\n\t\t<\/div>\n\t\t\t\t\t\t\t\t<\/div>\n\t\t\t\t\t<\/div>\n\t\t<\/section>\n\t\t\t\t\t\t\t\t\t<\/div>\n\t\t\t<\/div>\n\t\t\t\t\t<\/div>\n\t\t","protected":false},"excerpt":{"rendered":"<p>Abteilungen Der Hambr\u00fccker Carnevals Club hat insgesamt acht Abteilungen, die sich \u00fcber die Jahre einen Platz in unserem J\u00e4hrlichen Programm der Hambr\u00fccker Prunksitzung etabliert haben und kaum mehr wegzudenken sind.Ob jung oder alt. M\u00e4nnlein, Weiblein oder Divers. Hier kann jeder mitmachen, Ideen einbringen und einfach nur Spa\u00df haben. Vorstand Rotkittel Waldb\u00f6cklen Snowflakes Feuerfunken Next Generation &hellip; <\/p>\n<p class=\"link-more\"><a href=\"https:\/\/hcc-karneval.de\/?page_id=57\" class=\"more-link\"><span class=\"screen-reader-text\">\u201eAbteilungen\u201c <\/span>weiterlesen<\/a><\/p>\n","protected":false},"author":1,"featured_media":0,"parent":0,"menu_order":0,"comment_status":"closed","ping_status":"closed","template":"elementor_header_footer","meta":[],"_links":{"self":[{"href":"https:\/\/hcc-karneval.de\/index.php?rest_route=\/wp\/v2\/pages\/57"}],"collection":[{"href":"https:\/\/hcc-karneval.de\/index.php?rest_route=\/wp\/v2\/pages"}],"about":[{"href":"https:\/\/hcc-karneval.de\/index.php?rest_route=\/wp\/v2\/types\/page"}],"author":[{"embeddable":true,"href":"https:\/\/hcc-karneval.de\/index.php?rest_route=\/wp\/v2\/users\/1"}],"replies":[{"embeddable":true,"href":"https:\/\/hcc-karneval.de\/index.php?rest_route=%2Fwp%2Fv2%2Fcomments&post=57"}],"version-history":[{"count":30,"href":"https:\/\/hcc-karneval.de\/index.php?rest_route=\/wp\/v2\/pages\/57\/revisions"}],"predecessor-version":[{"id":1024,"href":"https:\/\/hcc-karneval.de\/index.php?rest_route=\/wp\/v2\/pages\/57\/revisions\/1024"}],"wp:attachment":[{"href":"https:\/\/hcc-karneval.de\/index.php?rest_route=%2Fwp%2Fv2%2Fmedia&parent=57"}],"curies":[{"name":"wp","href":"https:\/\/api.w.org\/{rel}","templated":true}]}}