{"id":790,"date":"2020-03-03T15:03:59","date_gmt":"2020-03-03T15:03:59","guid":{"rendered":"http:\/\/hcc-karneval.de\/?page_id=790"},"modified":"2025-09-09T13:59:33","modified_gmt":"2025-09-09T13:59:33","slug":"snowflakes_test","status":"publish","type":"page","link":"https:\/\/hcc-karneval.de\/?page_id=790","title":{"rendered":"Snowflakes"},"content":{"rendered":"\t\t<div data-elementor-type=\"wp-page\" data-elementor-id=\"790\" class=\"elementor elementor-790\">\n\t\t\t\t\t\t<div class=\"elementor-inner\">\n\t\t\t\t<div class=\"elementor-section-wrap\">\n\t\t\t\t\t\t\t\t\t<section class=\"elementor-section elementor-top-section elementor-element elementor-element-c7e3fc4 elementor-section-boxed elementor-section-height-default elementor-section-height-default\" data-id=\"c7e3fc4\" data-element_type=\"section\">\n\t\t\t\t\t\t<div class=\"elementor-container elementor-column-gap-default\">\n\t\t\t\t\t\t\t<div class=\"elementor-row\">\n\t\t\t\t\t<div class=\"elementor-column elementor-col-100 elementor-top-column elementor-element elementor-element-b31c79f\" data-id=\"b31c79f\" data-element_type=\"column\">\n\t\t\t<div class=\"elementor-column-wrap elementor-element-populated\">\n\t\t\t\t\t\t\t<div class=\"elementor-widget-wrap\">\n\t\t\t\t\t\t<div class=\"elementor-element elementor-element-050b18e elementor-widget elementor-widget-heading\" data-id=\"050b18e\" data-element_type=\"widget\" data-widget_type=\"heading.default\">\n\t\t\t\t<div class=\"elementor-widget-container\">\n\t\t\t<h1 class=\"elementor-heading-title elementor-size-default\">Snowflakes<\/h1>\t\t<\/div>\n\t\t\t\t<\/div>\n\t\t\t\t\t\t<\/div>\n\t\t\t\t\t<\/div>\n\t\t<\/div>\n\t\t\t\t\t\t\t\t<\/div>\n\t\t\t\t\t<\/div>\n\t\t<\/section>\n\t\t\t\t<section class=\"elementor-section elementor-top-section elementor-element elementor-element-fa6f103 elementor-section-boxed elementor-section-height-default elementor-section-height-default\" data-id=\"fa6f103\" data-element_type=\"section\">\n\t\t\t\t\t\t<div class=\"elementor-container elementor-column-gap-default\">\n\t\t\t\t\t\t\t<div class=\"elementor-row\">\n\t\t\t\t\t<div class=\"elementor-column elementor-col-50 elementor-top-column elementor-element elementor-element-58a1648\" data-id=\"58a1648\" data-element_type=\"column\">\n\t\t\t<div class=\"elementor-column-wrap elementor-element-populated\">\n\t\t\t\t\t\t\t<div class=\"elementor-widget-wrap\">\n\t\t\t\t\t\t<div class=\"elementor-element elementor-element-ad71b81 elementor-widget elementor-widget-text-editor\" data-id=\"ad71b81\" data-element_type=\"widget\" data-widget_type=\"text-editor.default\">\n\t\t\t\t<div class=\"elementor-widget-container\">\n\t\t\t\t\t\t\t\t<div class=\"elementor-text-editor elementor-clearfix\">\n\t\t\t\t<p>Unsere mittlere Grade fegt jedes Jahr wie Schneeflocken \u00fcber die B\u00fchne.<br>Eine Gruppe von ca 18 M\u00e4dchen im alter zwischen 12 und 16 Jahren begeistert das Publikum immer wieder.&nbsp;<\/p>\t\t\t\t\t<\/div>\n\t\t\t\t\t\t<\/div>\n\t\t\t\t<\/div>\n\t\t\t\t\t\t<\/div>\n\t\t\t\t\t<\/div>\n\t\t<\/div>\n\t\t\t\t<div class=\"elementor-column elementor-col-50 elementor-top-column elementor-element elementor-element-00ffd3e\" data-id=\"00ffd3e\" data-element_type=\"column\">\n\t\t\t<div class=\"elementor-column-wrap elementor-element-populated\">\n\t\t\t\t\t\t\t<div class=\"elementor-widget-wrap\">\n\t\t\t\t\t\t<div class=\"elementor-element elementor-element-7f0163a elementor-widget elementor-widget-heading\" data-id=\"7f0163a\" data-element_type=\"widget\" data-widget_type=\"heading.default\">\n\t\t\t\t<div class=\"elementor-widget-container\">\n\t\t\t<h3 class=\"elementor-heading-title elementor-size-default\">Trainerinnen<\/h3>\t\t<\/div>\n\t\t\t\t<\/div>\n\t\t\t\t<div class=\"elementor-element elementor-element-fe8d230 elementor-widget elementor-widget-text-editor\" data-id=\"fe8d230\" data-element_type=\"widget\" data-widget_type=\"text-editor.default\">\n\t\t\t\t<div class=\"elementor-widget-container\">\n\t\t\t\t\t\t\t\t<div class=\"elementor-text-editor elementor-clearfix\">\n\t\t\t\t<p>Celine La Porta<br \/>Carina Erdl<br \/><br \/><\/p>\t\t\t\t\t<\/div>\n\t\t\t\t\t\t<\/div>\n\t\t\t\t<\/div>\n\t\t\t\t<div class=\"elementor-element elementor-element-48c0019 elementor-widget elementor-widget-heading\" data-id=\"48c0019\" data-element_type=\"widget\" data-widget_type=\"heading.default\">\n\t\t\t\t<div class=\"elementor-widget-container\">\n\t\t\t<h3 class=\"elementor-heading-title elementor-size-default\">Kontakt<\/h3>\t\t<\/div>\n\t\t\t\t<\/div>\n\t\t\t\t<div class=\"elementor-element elementor-element-539d3dc elementor-widget elementor-widget-text-editor\" data-id=\"539d3dc\" data-element_type=\"widget\" data-widget_type=\"text-editor.default\">\n\t\t\t\t<div class=\"elementor-widget-container\">\n\t\t\t\t\t\t\t\t<div class=\"elementor-text-editor elementor-clearfix\">\n\t\t\t\t<p class=\"p1\"><a href=\"mailto:Snowflake@hcc-karneval.de\">Snowflake@hcc-karneval.de<\/a><\/p>\t\t\t\t\t<\/div>\n\t\t\t\t\t\t<\/div>\n\t\t\t\t<\/div>\n\t\t\t\t\t\t<\/div>\n\t\t\t\t\t<\/div>\n\t\t<\/div>\n\t\t\t\t\t\t\t\t<\/div>\n\t\t\t\t\t<\/div>\n\t\t<\/section>\n\t\t\t\t<section class=\"elementor-section elementor-top-section elementor-element elementor-element-1893158 elementor-section-boxed elementor-section-height-default elementor-section-height-default\" data-id=\"1893158\" data-element_type=\"section\">\n\t\t\t\t\t\t<div class=\"elementor-container elementor-column-gap-default\">\n\t\t\t\t\t\t\t<div class=\"elementor-row\">\n\t\t\t\t\t<div class=\"elementor-column elementor-col-100 elementor-top-column elementor-element elementor-element-d55db68\" data-id=\"d55db68\" data-element_type=\"column\">\n\t\t\t<div class=\"elementor-column-wrap elementor-element-populated\">\n\t\t\t\t\t\t\t<div class=\"elementor-widget-wrap\">\n\t\t\t\t\t\t<div class=\"elementor-element elementor-element-cad3ea0 elementor-widget elementor-widget-image-gallery\" data-id=\"cad3ea0\" data-element_type=\"widget\" data-widget_type=\"image-gallery.default\">\n\t\t\t\t<div class=\"elementor-widget-container\">\n\t\t\t\t\t<div class=\"elementor-image-gallery\">\n\t\t\t<div id='gallery-1' class='gallery galleryid-790 gallery-columns-3 gallery-size-medium'><figure class='gallery-item'>\n\t\t\t<div class='gallery-icon landscape'>\n\t\t\t\t<a data-elementor-open-lightbox=\"yes\" data-elementor-lightbox-slideshow=\"cad3ea0\" data-elementor-lightbox-title=\"HCC Prunksitzung 2020_0170\" e-action-hash=\"#elementor-action%3Aaction%3Dlightbox%26settings%3DeyJpZCI6NjMyLCJ1cmwiOiJodHRwczpcL1wvaGNjLWthcm5ldmFsLmRlXC93cC1jb250ZW50XC91cGxvYWRzXC8yMDIwXC8wMlwvSENDLVBydW5rc2l0enVuZy0yMDIwXzAxNzAtc2NhbGVkLmpwZyIsInNsaWRlc2hvdyI6ImNhZDNlYTAifQ%3D%3D\" href='https:\/\/hcc-karneval.de\/wp-content\/uploads\/2020\/02\/HCC-Prunksitzung-2020_0170-scaled.jpg'><img width=\"300\" height=\"200\" src=\"https:\/\/hcc-karneval.de\/wp-content\/uploads\/2020\/02\/HCC-Prunksitzung-2020_0170-300x200.jpg\" class=\"attachment-medium size-medium\" alt=\"\" decoding=\"async\" loading=\"lazy\" srcset=\"https:\/\/hcc-karneval.de\/wp-content\/uploads\/2020\/02\/HCC-Prunksitzung-2020_0170-300x200.jpg 300w, https:\/\/hcc-karneval.de\/wp-content\/uploads\/2020\/02\/HCC-Prunksitzung-2020_0170-1024x683.jpg 1024w, https:\/\/hcc-karneval.de\/wp-content\/uploads\/2020\/02\/HCC-Prunksitzung-2020_0170-768x512.jpg 768w, https:\/\/hcc-karneval.de\/wp-content\/uploads\/2020\/02\/HCC-Prunksitzung-2020_0170-1536x1024.jpg 1536w, https:\/\/hcc-karneval.de\/wp-content\/uploads\/2020\/02\/HCC-Prunksitzung-2020_0170-2048x1365.jpg 2048w\" sizes=\"100vw\" \/><\/a>\n\t\t\t<\/div><\/figure><figure class='gallery-item'>\n\t\t\t<div class='gallery-icon landscape'>\n\t\t\t\t<a data-elementor-open-lightbox=\"yes\" data-elementor-lightbox-slideshow=\"cad3ea0\" data-elementor-lightbox-title=\"HCC Prunksitzung 2020_0200\" e-action-hash=\"#elementor-action%3Aaction%3Dlightbox%26settings%3DeyJpZCI6NjMzLCJ1cmwiOiJodHRwczpcL1wvaGNjLWthcm5ldmFsLmRlXC93cC1jb250ZW50XC91cGxvYWRzXC8yMDIwXC8wMlwvSENDLVBydW5rc2l0enVuZy0yMDIwXzAyMDAtc2NhbGVkLmpwZyIsInNsaWRlc2hvdyI6ImNhZDNlYTAifQ%3D%3D\" href='https:\/\/hcc-karneval.de\/wp-content\/uploads\/2020\/02\/HCC-Prunksitzung-2020_0200-scaled.jpg'><img width=\"300\" height=\"200\" src=\"https:\/\/hcc-karneval.de\/wp-content\/uploads\/2020\/02\/HCC-Prunksitzung-2020_0200-300x200.jpg\" class=\"attachment-medium size-medium\" alt=\"\" decoding=\"async\" loading=\"lazy\" srcset=\"https:\/\/hcc-karneval.de\/wp-content\/uploads\/2020\/02\/HCC-Prunksitzung-2020_0200-300x200.jpg 300w, https:\/\/hcc-karneval.de\/wp-content\/uploads\/2020\/02\/HCC-Prunksitzung-2020_0200-1024x683.jpg 1024w, https:\/\/hcc-karneval.de\/wp-content\/uploads\/2020\/02\/HCC-Prunksitzung-2020_0200-768x512.jpg 768w, https:\/\/hcc-karneval.de\/wp-content\/uploads\/2020\/02\/HCC-Prunksitzung-2020_0200-1536x1024.jpg 1536w, https:\/\/hcc-karneval.de\/wp-content\/uploads\/2020\/02\/HCC-Prunksitzung-2020_0200-2048x1365.jpg 2048w\" sizes=\"100vw\" \/><\/a>\n\t\t\t<\/div><\/figure><figure class='gallery-item'>\n\t\t\t<div class='gallery-icon landscape'>\n\t\t\t\t<a data-elementor-open-lightbox=\"yes\" data-elementor-lightbox-slideshow=\"cad3ea0\" data-elementor-lightbox-title=\"HCC Prunksitzung 2019_0358\" e-action-hash=\"#elementor-action%3Aaction%3Dlightbox%26settings%3DeyJpZCI6MzM3LCJ1cmwiOiJodHRwczpcL1wvaGNjLWthcm5ldmFsLmRlXC93cC1jb250ZW50XC91cGxvYWRzXC8yMDE5XC8xMlwvSENDLVBydW5rc2l0enVuZy0yMDE5XzAzNTgtc2NhbGVkLmpwZyIsInNsaWRlc2hvdyI6ImNhZDNlYTAifQ%3D%3D\" href='https:\/\/hcc-karneval.de\/wp-content\/uploads\/2019\/12\/HCC-Prunksitzung-2019_0358-scaled.jpg'><img width=\"300\" height=\"200\" src=\"https:\/\/hcc-karneval.de\/wp-content\/uploads\/2019\/12\/HCC-Prunksitzung-2019_0358-300x200.jpg\" class=\"attachment-medium size-medium\" alt=\"\" decoding=\"async\" loading=\"lazy\" srcset=\"https:\/\/hcc-karneval.de\/wp-content\/uploads\/2019\/12\/HCC-Prunksitzung-2019_0358-300x200.jpg 300w, https:\/\/hcc-karneval.de\/wp-content\/uploads\/2019\/12\/HCC-Prunksitzung-2019_0358-1024x683.jpg 1024w, https:\/\/hcc-karneval.de\/wp-content\/uploads\/2019\/12\/HCC-Prunksitzung-2019_0358-768x512.jpg 768w, https:\/\/hcc-karneval.de\/wp-content\/uploads\/2019\/12\/HCC-Prunksitzung-2019_0358-1536x1024.jpg 1536w, https:\/\/hcc-karneval.de\/wp-content\/uploads\/2019\/12\/HCC-Prunksitzung-2019_0358-2048x1365.jpg 2048w\" sizes=\"100vw\" \/><\/a>\n\t\t\t<\/div><\/figure><figure class='gallery-item'>\n\t\t\t<div class='gallery-icon landscape'>\n\t\t\t\t<a data-elementor-open-lightbox=\"yes\" data-elementor-lightbox-slideshow=\"cad3ea0\" data-elementor-lightbox-title=\"HCC Prunksitzung 2019_0309\" e-action-hash=\"#elementor-action%3Aaction%3Dlightbox%26settings%3DeyJpZCI6MzM5LCJ1cmwiOiJodHRwczpcL1wvaGNjLWthcm5ldmFsLmRlXC93cC1jb250ZW50XC91cGxvYWRzXC8yMDE5XC8xMlwvSENDLVBydW5rc2l0enVuZy0yMDE5XzAzMDktc2NhbGVkLmpwZyIsInNsaWRlc2hvdyI6ImNhZDNlYTAifQ%3D%3D\" href='https:\/\/hcc-karneval.de\/wp-content\/uploads\/2019\/12\/HCC-Prunksitzung-2019_0309-scaled.jpg'><img width=\"300\" height=\"200\" src=\"https:\/\/hcc-karneval.de\/wp-content\/uploads\/2019\/12\/HCC-Prunksitzung-2019_0309-300x200.jpg\" class=\"attachment-medium size-medium\" alt=\"\" decoding=\"async\" loading=\"lazy\" srcset=\"https:\/\/hcc-karneval.de\/wp-content\/uploads\/2019\/12\/HCC-Prunksitzung-2019_0309-300x200.jpg 300w, https:\/\/hcc-karneval.de\/wp-content\/uploads\/2019\/12\/HCC-Prunksitzung-2019_0309-1024x683.jpg 1024w, https:\/\/hcc-karneval.de\/wp-content\/uploads\/2019\/12\/HCC-Prunksitzung-2019_0309-768x512.jpg 768w, https:\/\/hcc-karneval.de\/wp-content\/uploads\/2019\/12\/HCC-Prunksitzung-2019_0309-1536x1024.jpg 1536w, https:\/\/hcc-karneval.de\/wp-content\/uploads\/2019\/12\/HCC-Prunksitzung-2019_0309-2048x1365.jpg 2048w\" sizes=\"100vw\" \/><\/a>\n\t\t\t<\/div><\/figure>\n\t\t<\/div>\n\t\t<\/div>\n\t\t\t\t<\/div>\n\t\t\t\t<\/div>\n\t\t\t\t\t\t<\/div>\n\t\t\t\t\t<\/div>\n\t\t<\/div>\n\t\t\t\t\t\t\t\t<\/div>\n\t\t\t\t\t<\/div>\n\t\t<\/section>\n\t\t\t\t\t\t\t\t\t<\/div>\n\t\t\t<\/div>\n\t\t\t\t\t<\/div>\n\t\t","protected":false},"excerpt":{"rendered":"<p>Snowflakes Unsere mittlere Grade fegt jedes Jahr wie Schneeflocken \u00fcber die B\u00fchne.Eine Gruppe von ca 18 M\u00e4dchen im alter zwischen 12 und 16 Jahren begeistert das Publikum immer wieder.&nbsp; Trainerinnen Celine La PortaCarina Erdl Kontakt Snowflake@hcc-karneval.de<\/p>\n","protected":false},"author":3,"featured_media":0,"parent":57,"menu_order":0,"comment_status":"closed","ping_status":"closed","template":"elementor_header_footer","meta":[],"_links":{"self":[{"href":"https:\/\/hcc-karneval.de\/index.php?rest_route=\/wp\/v2\/pages\/790"}],"collection":[{"href":"https:\/\/hcc-karneval.de\/index.php?rest_route=\/wp\/v2\/pages"}],"about":[{"href":"https:\/\/hcc-karneval.de\/index.php?rest_route=\/wp\/v2\/types\/page"}],"author":[{"embeddable":true,"href":"https:\/\/hcc-karneval.de\/index.php?rest_route=\/wp\/v2\/users\/3"}],"replies":[{"embeddable":true,"href":"https:\/\/hcc-karneval.de\/index.php?rest_route=%2Fwp%2Fv2%2Fcomments&post=790"}],"version-history":[{"count":8,"href":"https:\/\/hcc-karneval.de\/index.php?rest_route=\/wp\/v2\/pages\/790\/revisions"}],"predecessor-version":[{"id":1885,"href":"https:\/\/hcc-karneval.de\/index.php?rest_route=\/wp\/v2\/pages\/790\/revisions\/1885"}],"up":[{"embeddable":true,"href":"https:\/\/hcc-karneval.de\/index.php?rest_route=\/wp\/v2\/pages\/57"}],"wp:attachment":[{"href":"https:\/\/hcc-karneval.de\/index.php?rest_route=%2Fwp%2Fv2%2Fmedia&parent=790"}],"curies":[{"name":"wp","href":"https:\/\/api.w.org\/{rel}","templated":true}]}}