{"id":797,"date":"2020-03-03T15:07:28","date_gmt":"2020-03-03T15:07:28","guid":{"rendered":"http:\/\/hcc-karneval.de\/?page_id=797"},"modified":"2025-11-29T09:34:51","modified_gmt":"2025-11-29T09:34:51","slug":"feuerfunken","status":"publish","type":"page","link":"https:\/\/hcc-karneval.de\/?page_id=797","title":{"rendered":"Feuerfunken"},"content":{"rendered":"\t\t<div data-elementor-type=\"wp-page\" data-elementor-id=\"797\" class=\"elementor elementor-797\">\n\t\t\t\t\t\t<div class=\"elementor-inner\">\n\t\t\t\t<div class=\"elementor-section-wrap\">\n\t\t\t\t\t\t\t\t\t<section class=\"elementor-section elementor-top-section elementor-element elementor-element-5580675 elementor-section-boxed elementor-section-height-default elementor-section-height-default\" data-id=\"5580675\" data-element_type=\"section\">\n\t\t\t\t\t\t<div class=\"elementor-container elementor-column-gap-default\">\n\t\t\t\t\t\t\t<div class=\"elementor-row\">\n\t\t\t\t\t<div class=\"elementor-column elementor-col-100 elementor-top-column elementor-element elementor-element-996f4b0\" data-id=\"996f4b0\" data-element_type=\"column\">\n\t\t\t<div class=\"elementor-column-wrap elementor-element-populated\">\n\t\t\t\t\t\t\t<div class=\"elementor-widget-wrap\">\n\t\t\t\t\t\t<div class=\"elementor-element elementor-element-c771ce1 elementor-widget elementor-widget-heading\" data-id=\"c771ce1\" data-element_type=\"widget\" data-widget_type=\"heading.default\">\n\t\t\t\t<div class=\"elementor-widget-container\">\n\t\t\t<h1 class=\"elementor-heading-title elementor-size-default\">Feuerfunken<\/h1>\t\t<\/div>\n\t\t\t\t<\/div>\n\t\t\t\t\t\t<\/div>\n\t\t\t\t\t<\/div>\n\t\t<\/div>\n\t\t\t\t\t\t\t\t<\/div>\n\t\t\t\t\t<\/div>\n\t\t<\/section>\n\t\t\t\t<section class=\"elementor-section elementor-top-section elementor-element elementor-element-201f531 elementor-section-boxed elementor-section-height-default elementor-section-height-default\" data-id=\"201f531\" data-element_type=\"section\">\n\t\t\t\t\t\t<div class=\"elementor-container elementor-column-gap-default\">\n\t\t\t\t\t\t\t<div class=\"elementor-row\">\n\t\t\t\t\t<div class=\"elementor-column elementor-col-50 elementor-top-column elementor-element elementor-element-cb68c70\" data-id=\"cb68c70\" data-element_type=\"column\">\n\t\t\t<div class=\"elementor-column-wrap\">\n\t\t\t\t\t\t\t<div class=\"elementor-widget-wrap\">\n\t\t\t\t\t\t\t\t<\/div>\n\t\t\t\t\t<\/div>\n\t\t<\/div>\n\t\t\t\t<div class=\"elementor-column elementor-col-50 elementor-top-column elementor-element elementor-element-6259230\" data-id=\"6259230\" data-element_type=\"column\">\n\t\t\t<div class=\"elementor-column-wrap elementor-element-populated\">\n\t\t\t\t\t\t\t<div class=\"elementor-widget-wrap\">\n\t\t\t\t\t\t<div class=\"elementor-element elementor-element-1854d8a elementor-widget elementor-widget-heading\" data-id=\"1854d8a\" data-element_type=\"widget\" data-widget_type=\"heading.default\">\n\t\t\t\t<div class=\"elementor-widget-container\">\n\t\t\t<h3 class=\"elementor-heading-title elementor-size-default\">Trainerin<\/h3>\t\t<\/div>\n\t\t\t\t<\/div>\n\t\t\t\t<div class=\"elementor-element elementor-element-e44dff3 elementor-widget elementor-widget-text-editor\" data-id=\"e44dff3\" data-element_type=\"widget\" data-widget_type=\"text-editor.default\">\n\t\t\t\t<div class=\"elementor-widget-container\">\n\t\t\t\t\t\t\t\t<div class=\"elementor-text-editor elementor-clearfix\">\n\t\t\t\t<p>Susanne Rhein<br \/>Lea R\u00f6sch<br \/>Selina Herberger<\/p>\t\t\t\t\t<\/div>\n\t\t\t\t\t\t<\/div>\n\t\t\t\t<\/div>\n\t\t\t\t<div class=\"elementor-element elementor-element-3a894d8 elementor-widget elementor-widget-heading\" data-id=\"3a894d8\" data-element_type=\"widget\" data-widget_type=\"heading.default\">\n\t\t\t\t<div class=\"elementor-widget-container\">\n\t\t\t<h3 class=\"elementor-heading-title elementor-size-default\">Kontakt<\/h3>\t\t<\/div>\n\t\t\t\t<\/div>\n\t\t\t\t<div class=\"elementor-element elementor-element-9c12ae8 elementor-widget elementor-widget-text-editor\" data-id=\"9c12ae8\" data-element_type=\"widget\" data-widget_type=\"text-editor.default\">\n\t\t\t\t<div class=\"elementor-widget-container\">\n\t\t\t\t\t\t\t\t<div class=\"elementor-text-editor elementor-clearfix\">\n\t\t\t\t<p class=\"p1\"><a href=\"mailto:Feuerfunken@hcc-karneval.de\">Feuerfunken@hcc-karneval.de<\/a><\/p>\t\t\t\t\t<\/div>\n\t\t\t\t\t\t<\/div>\n\t\t\t\t<\/div>\n\t\t\t\t\t\t<\/div>\n\t\t\t\t\t<\/div>\n\t\t<\/div>\n\t\t\t\t\t\t\t\t<\/div>\n\t\t\t\t\t<\/div>\n\t\t<\/section>\n\t\t\t\t<section class=\"elementor-section elementor-top-section elementor-element elementor-element-8fbca53 elementor-section-boxed elementor-section-height-default elementor-section-height-default\" data-id=\"8fbca53\" data-element_type=\"section\">\n\t\t\t\t\t\t<div class=\"elementor-container elementor-column-gap-default\">\n\t\t\t\t\t\t\t<div class=\"elementor-row\">\n\t\t\t\t\t<div class=\"elementor-column elementor-col-100 elementor-top-column elementor-element elementor-element-bdb6497\" data-id=\"bdb6497\" data-element_type=\"column\">\n\t\t\t<div class=\"elementor-column-wrap elementor-element-populated\">\n\t\t\t\t\t\t\t<div class=\"elementor-widget-wrap\">\n\t\t\t\t\t\t<div class=\"elementor-element elementor-element-2c3a483 elementor-widget elementor-widget-image-gallery\" data-id=\"2c3a483\" data-element_type=\"widget\" data-widget_type=\"image-gallery.default\">\n\t\t\t\t<div class=\"elementor-widget-container\">\n\t\t\t\t\t<div class=\"elementor-image-gallery\">\n\t\t\t<div id='gallery-1' class='gallery galleryid-797 gallery-columns-3 gallery-size-medium'><figure class='gallery-item'>\n\t\t\t<div class='gallery-icon landscape'>\n\t\t\t\t<a data-elementor-open-lightbox=\"yes\" data-elementor-lightbox-slideshow=\"2c3a483\" data-elementor-lightbox-title=\"DSC_0028\" e-action-hash=\"#elementor-action%3Aaction%3Dlightbox%26settings%3DeyJpZCI6MTUxMiwidXJsIjoiaHR0cHM6XC9cL2hjYy1rYXJuZXZhbC5kZVwvd3AtY29udGVudFwvdXBsb2Fkc1wvMjAyNFwvMDFcL0RTQ18wMDI4LXNjYWxlZC5qcGciLCJzbGlkZXNob3ciOiIyYzNhNDgzIn0%3D\" href='https:\/\/hcc-karneval.de\/wp-content\/uploads\/2024\/01\/DSC_0028-scaled.jpg'><img width=\"300\" height=\"199\" src=\"https:\/\/hcc-karneval.de\/wp-content\/uploads\/2024\/01\/DSC_0028-300x199.jpg\" class=\"attachment-medium size-medium\" alt=\"\" decoding=\"async\" loading=\"lazy\" srcset=\"https:\/\/hcc-karneval.de\/wp-content\/uploads\/2024\/01\/DSC_0028-300x199.jpg 300w, https:\/\/hcc-karneval.de\/wp-content\/uploads\/2024\/01\/DSC_0028-1024x681.jpg 1024w, https:\/\/hcc-karneval.de\/wp-content\/uploads\/2024\/01\/DSC_0028-768x511.jpg 768w, https:\/\/hcc-karneval.de\/wp-content\/uploads\/2024\/01\/DSC_0028-1536x1021.jpg 1536w, https:\/\/hcc-karneval.de\/wp-content\/uploads\/2024\/01\/DSC_0028-2048x1362.jpg 2048w\" sizes=\"100vw\" \/><\/a>\n\t\t\t<\/div><\/figure><figure class='gallery-item'>\n\t\t\t<div class='gallery-icon landscape'>\n\t\t\t\t<a data-elementor-open-lightbox=\"yes\" data-elementor-lightbox-slideshow=\"2c3a483\" data-elementor-lightbox-title=\"1Z3A9212 (Kopie)\" e-action-hash=\"#elementor-action%3Aaction%3Dlightbox%26settings%3DeyJpZCI6MTUwOCwidXJsIjoiaHR0cHM6XC9cL2hjYy1rYXJuZXZhbC5kZVwvd3AtY29udGVudFwvdXBsb2Fkc1wvMjAyNFwvMDFcLzFaM0E5MjEyLUtvcGllLTEuanBnIiwic2xpZGVzaG93IjoiMmMzYTQ4MyJ9\" href='https:\/\/hcc-karneval.de\/wp-content\/uploads\/2024\/01\/1Z3A9212-Kopie-1.jpg'><img width=\"300\" height=\"205\" src=\"https:\/\/hcc-karneval.de\/wp-content\/uploads\/2024\/01\/1Z3A9212-Kopie-1-300x205.jpg\" class=\"attachment-medium size-medium\" alt=\"\" decoding=\"async\" loading=\"lazy\" srcset=\"https:\/\/hcc-karneval.de\/wp-content\/uploads\/2024\/01\/1Z3A9212-Kopie-1-300x205.jpg 300w, https:\/\/hcc-karneval.de\/wp-content\/uploads\/2024\/01\/1Z3A9212-Kopie-1-1024x699.jpg 1024w, https:\/\/hcc-karneval.de\/wp-content\/uploads\/2024\/01\/1Z3A9212-Kopie-1-768x524.jpg 768w, https:\/\/hcc-karneval.de\/wp-content\/uploads\/2024\/01\/1Z3A9212-Kopie-1.jpg 1385w\" sizes=\"100vw\" \/><\/a>\n\t\t\t<\/div><\/figure><figure class='gallery-item'>\n\t\t\t<div class='gallery-icon landscape'>\n\t\t\t\t<a data-elementor-open-lightbox=\"yes\" data-elementor-lightbox-slideshow=\"2c3a483\" data-elementor-lightbox-title=\"1Z3A9233 (Kopie)\" e-action-hash=\"#elementor-action%3Aaction%3Dlightbox%26settings%3DeyJpZCI6MTUwOSwidXJsIjoiaHR0cHM6XC9cL2hjYy1rYXJuZXZhbC5kZVwvd3AtY29udGVudFwvdXBsb2Fkc1wvMjAyNFwvMDFcLzFaM0E5MjMzLUtvcGllLTEuanBnIiwic2xpZGVzaG93IjoiMmMzYTQ4MyJ9\" href='https:\/\/hcc-karneval.de\/wp-content\/uploads\/2024\/01\/1Z3A9233-Kopie-1.jpg'><img width=\"300\" height=\"189\" src=\"https:\/\/hcc-karneval.de\/wp-content\/uploads\/2024\/01\/1Z3A9233-Kopie-1-300x189.jpg\" class=\"attachment-medium size-medium\" alt=\"\" decoding=\"async\" loading=\"lazy\" srcset=\"https:\/\/hcc-karneval.de\/wp-content\/uploads\/2024\/01\/1Z3A9233-Kopie-1-300x189.jpg 300w, https:\/\/hcc-karneval.de\/wp-content\/uploads\/2024\/01\/1Z3A9233-Kopie-1-1024x645.jpg 1024w, https:\/\/hcc-karneval.de\/wp-content\/uploads\/2024\/01\/1Z3A9233-Kopie-1-768x484.jpg 768w, https:\/\/hcc-karneval.de\/wp-content\/uploads\/2024\/01\/1Z3A9233-Kopie-1.jpg 1501w\" sizes=\"100vw\" \/><\/a>\n\t\t\t<\/div><\/figure><figure class='gallery-item'>\n\t\t\t<div class='gallery-icon landscape'>\n\t\t\t\t<a data-elementor-open-lightbox=\"yes\" data-elementor-lightbox-slideshow=\"2c3a483\" data-elementor-lightbox-title=\"DSC_0019\" e-action-hash=\"#elementor-action%3Aaction%3Dlightbox%26settings%3DeyJpZCI6MTUxMSwidXJsIjoiaHR0cHM6XC9cL2hjYy1rYXJuZXZhbC5kZVwvd3AtY29udGVudFwvdXBsb2Fkc1wvMjAyNFwvMDFcL0RTQ18wMDE5LXNjYWxlZC5qcGciLCJzbGlkZXNob3ciOiIyYzNhNDgzIn0%3D\" href='https:\/\/hcc-karneval.de\/wp-content\/uploads\/2024\/01\/DSC_0019-scaled.jpg'><img width=\"300\" height=\"199\" src=\"https:\/\/hcc-karneval.de\/wp-content\/uploads\/2024\/01\/DSC_0019-300x199.jpg\" class=\"attachment-medium size-medium\" alt=\"\" decoding=\"async\" loading=\"lazy\" srcset=\"https:\/\/hcc-karneval.de\/wp-content\/uploads\/2024\/01\/DSC_0019-300x199.jpg 300w, https:\/\/hcc-karneval.de\/wp-content\/uploads\/2024\/01\/DSC_0019-1024x681.jpg 1024w, https:\/\/hcc-karneval.de\/wp-content\/uploads\/2024\/01\/DSC_0019-768x511.jpg 768w, https:\/\/hcc-karneval.de\/wp-content\/uploads\/2024\/01\/DSC_0019-1536x1021.jpg 1536w, https:\/\/hcc-karneval.de\/wp-content\/uploads\/2024\/01\/DSC_0019-2048x1362.jpg 2048w\" sizes=\"100vw\" \/><\/a>\n\t\t\t<\/div><\/figure><figure class='gallery-item'>\n\t\t\t<div class='gallery-icon portrait'>\n\t\t\t\t<a data-elementor-open-lightbox=\"yes\" data-elementor-lightbox-slideshow=\"2c3a483\" data-elementor-lightbox-title=\"IMG-20240128-WA0012\" e-action-hash=\"#elementor-action%3Aaction%3Dlightbox%26settings%3DeyJpZCI6MTUxMywidXJsIjoiaHR0cHM6XC9cL2hjYy1rYXJuZXZhbC5kZVwvd3AtY29udGVudFwvdXBsb2Fkc1wvMjAyNFwvMDFcL0lNRy0yMDI0MDEyOC1XQTAwMTIuanBnIiwic2xpZGVzaG93IjoiMmMzYTQ4MyJ9\" href='https:\/\/hcc-karneval.de\/wp-content\/uploads\/2024\/01\/IMG-20240128-WA0012.jpg'><img width=\"225\" height=\"300\" src=\"https:\/\/hcc-karneval.de\/wp-content\/uploads\/2024\/01\/IMG-20240128-WA0012-225x300.jpg\" class=\"attachment-medium size-medium\" alt=\"\" decoding=\"async\" loading=\"lazy\" srcset=\"https:\/\/hcc-karneval.de\/wp-content\/uploads\/2024\/01\/IMG-20240128-WA0012-225x300.jpg 225w, https:\/\/hcc-karneval.de\/wp-content\/uploads\/2024\/01\/IMG-20240128-WA0012-768x1024.jpg 768w, https:\/\/hcc-karneval.de\/wp-content\/uploads\/2024\/01\/IMG-20240128-WA0012-1152x1536.jpg 1152w, https:\/\/hcc-karneval.de\/wp-content\/uploads\/2024\/01\/IMG-20240128-WA0012.jpg 1200w\" sizes=\"100vw\" \/><\/a>\n\t\t\t<\/div><\/figure><figure class='gallery-item'>\n\t\t\t<div class='gallery-icon landscape'>\n\t\t\t\t<a data-elementor-open-lightbox=\"yes\" data-elementor-lightbox-slideshow=\"2c3a483\" data-elementor-lightbox-title=\"DSC_0023\" e-action-hash=\"#elementor-action%3Aaction%3Dlightbox%26settings%3DeyJpZCI6MTUxMCwidXJsIjoiaHR0cHM6XC9cL2hjYy1rYXJuZXZhbC5kZVwvd3AtY29udGVudFwvdXBsb2Fkc1wvMjAyNFwvMDFcL0RTQ18wMDIzLXNjYWxlZC5qcGciLCJzbGlkZXNob3ciOiIyYzNhNDgzIn0%3D\" href='https:\/\/hcc-karneval.de\/wp-content\/uploads\/2024\/01\/DSC_0023-scaled.jpg'><img width=\"300\" height=\"199\" src=\"https:\/\/hcc-karneval.de\/wp-content\/uploads\/2024\/01\/DSC_0023-300x199.jpg\" class=\"attachment-medium size-medium\" alt=\"\" decoding=\"async\" loading=\"lazy\" srcset=\"https:\/\/hcc-karneval.de\/wp-content\/uploads\/2024\/01\/DSC_0023-300x199.jpg 300w, https:\/\/hcc-karneval.de\/wp-content\/uploads\/2024\/01\/DSC_0023-1024x681.jpg 1024w, https:\/\/hcc-karneval.de\/wp-content\/uploads\/2024\/01\/DSC_0023-768x511.jpg 768w, https:\/\/hcc-karneval.de\/wp-content\/uploads\/2024\/01\/DSC_0023-1536x1021.jpg 1536w, https:\/\/hcc-karneval.de\/wp-content\/uploads\/2024\/01\/DSC_0023-2048x1362.jpg 2048w\" sizes=\"100vw\" \/><\/a>\n\t\t\t<\/div><\/figure><figure class='gallery-item'>\n\t\t\t<div class='gallery-icon landscape'>\n\t\t\t\t<a data-elementor-open-lightbox=\"yes\" data-elementor-lightbox-slideshow=\"2c3a483\" data-elementor-lightbox-title=\"Screenshot_20231115_162131_Instagram\" e-action-hash=\"#elementor-action%3Aaction%3Dlightbox%26settings%3DeyJpZCI6MTM2MCwidXJsIjoiaHR0cHM6XC9cL2hjYy1rYXJuZXZhbC5kZVwvd3AtY29udGVudFwvdXBsb2Fkc1wvMjAyM1wvMTFcL1NjcmVlbnNob3RfMjAyMzExMTVfMTYyMTMxX0luc3RhZ3JhbS5qcGciLCJzbGlkZXNob3ciOiIyYzNhNDgzIn0%3D\" href='https:\/\/hcc-karneval.de\/wp-content\/uploads\/2023\/11\/Screenshot_20231115_162131_Instagram.jpg'><img width=\"300\" height=\"214\" src=\"https:\/\/hcc-karneval.de\/wp-content\/uploads\/2023\/11\/Screenshot_20231115_162131_Instagram-300x214.jpg\" class=\"attachment-medium size-medium\" alt=\"\" decoding=\"async\" loading=\"lazy\" srcset=\"https:\/\/hcc-karneval.de\/wp-content\/uploads\/2023\/11\/Screenshot_20231115_162131_Instagram-300x214.jpg 300w, https:\/\/hcc-karneval.de\/wp-content\/uploads\/2023\/11\/Screenshot_20231115_162131_Instagram-1024x731.jpg 1024w, https:\/\/hcc-karneval.de\/wp-content\/uploads\/2023\/11\/Screenshot_20231115_162131_Instagram-768x548.jpg 768w, https:\/\/hcc-karneval.de\/wp-content\/uploads\/2023\/11\/Screenshot_20231115_162131_Instagram.jpg 1080w\" sizes=\"100vw\" \/><\/a>\n\t\t\t<\/div><\/figure><figure class='gallery-item'>\n\t\t\t<div class='gallery-icon landscape'>\n\t\t\t\t<a data-elementor-open-lightbox=\"yes\" data-elementor-lightbox-slideshow=\"2c3a483\" data-elementor-lightbox-title=\"IMG_0127\" e-action-hash=\"#elementor-action%3Aaction%3Dlightbox%26settings%3DeyJpZCI6MTM2MywidXJsIjoiaHR0cHM6XC9cL2hjYy1rYXJuZXZhbC5kZVwvd3AtY29udGVudFwvdXBsb2Fkc1wvMjAyM1wvMTFcL0lNR18wMTI3LXNjYWxlZC5qcGciLCJzbGlkZXNob3ciOiIyYzNhNDgzIn0%3D\" href='https:\/\/hcc-karneval.de\/wp-content\/uploads\/2023\/11\/IMG_0127-scaled.jpg'><img width=\"300\" height=\"204\" src=\"https:\/\/hcc-karneval.de\/wp-content\/uploads\/2023\/11\/IMG_0127-300x204.jpg\" class=\"attachment-medium size-medium\" alt=\"\" decoding=\"async\" loading=\"lazy\" srcset=\"https:\/\/hcc-karneval.de\/wp-content\/uploads\/2023\/11\/IMG_0127-300x204.jpg 300w, https:\/\/hcc-karneval.de\/wp-content\/uploads\/2023\/11\/IMG_0127-1024x697.jpg 1024w, https:\/\/hcc-karneval.de\/wp-content\/uploads\/2023\/11\/IMG_0127-768x523.jpg 768w, https:\/\/hcc-karneval.de\/wp-content\/uploads\/2023\/11\/IMG_0127-1536x1046.jpg 1536w, https:\/\/hcc-karneval.de\/wp-content\/uploads\/2023\/11\/IMG_0127-2048x1395.jpg 2048w\" sizes=\"100vw\" \/><\/a>\n\t\t\t<\/div><\/figure><figure class='gallery-item'>\n\t\t\t<div class='gallery-icon landscape'>\n\t\t\t\t<a data-elementor-open-lightbox=\"yes\" data-elementor-lightbox-slideshow=\"2c3a483\" data-elementor-lightbox-title=\"Screenshot_20231115_162122_Instagram\" e-action-hash=\"#elementor-action%3Aaction%3Dlightbox%26settings%3DeyJpZCI6MTM2MSwidXJsIjoiaHR0cHM6XC9cL2hjYy1rYXJuZXZhbC5kZVwvd3AtY29udGVudFwvdXBsb2Fkc1wvMjAyM1wvMTFcL1NjcmVlbnNob3RfMjAyMzExMTVfMTYyMTIyX0luc3RhZ3JhbS5qcGciLCJzbGlkZXNob3ciOiIyYzNhNDgzIn0%3D\" href='https:\/\/hcc-karneval.de\/wp-content\/uploads\/2023\/11\/Screenshot_20231115_162122_Instagram.jpg'><img width=\"300\" height=\"214\" src=\"https:\/\/hcc-karneval.de\/wp-content\/uploads\/2023\/11\/Screenshot_20231115_162122_Instagram-300x214.jpg\" class=\"attachment-medium size-medium\" alt=\"\" decoding=\"async\" loading=\"lazy\" srcset=\"https:\/\/hcc-karneval.de\/wp-content\/uploads\/2023\/11\/Screenshot_20231115_162122_Instagram-300x214.jpg 300w, https:\/\/hcc-karneval.de\/wp-content\/uploads\/2023\/11\/Screenshot_20231115_162122_Instagram-1024x731.jpg 1024w, https:\/\/hcc-karneval.de\/wp-content\/uploads\/2023\/11\/Screenshot_20231115_162122_Instagram-768x548.jpg 768w, https:\/\/hcc-karneval.de\/wp-content\/uploads\/2023\/11\/Screenshot_20231115_162122_Instagram.jpg 1079w\" sizes=\"100vw\" \/><\/a>\n\t\t\t<\/div><\/figure><figure class='gallery-item'>\n\t\t\t<div class='gallery-icon landscape'>\n\t\t\t\t<a data-elementor-open-lightbox=\"yes\" data-elementor-lightbox-slideshow=\"2c3a483\" data-elementor-lightbox-title=\"IMG-20230207-WA0005\" e-action-hash=\"#elementor-action%3Aaction%3Dlightbox%26settings%3DeyJpZCI6MTM1OSwidXJsIjoiaHR0cHM6XC9cL2hjYy1rYXJuZXZhbC5kZVwvd3AtY29udGVudFwvdXBsb2Fkc1wvMjAyM1wvMTFcL0lNRy0yMDIzMDIwNy1XQTAwMDUuanBnIiwic2xpZGVzaG93IjoiMmMzYTQ4MyJ9\" href='https:\/\/hcc-karneval.de\/wp-content\/uploads\/2023\/11\/IMG-20230207-WA0005.jpg'><img width=\"300\" height=\"225\" src=\"https:\/\/hcc-karneval.de\/wp-content\/uploads\/2023\/11\/IMG-20230207-WA0005-300x225.jpg\" class=\"attachment-medium size-medium\" alt=\"\" decoding=\"async\" loading=\"lazy\" srcset=\"https:\/\/hcc-karneval.de\/wp-content\/uploads\/2023\/11\/IMG-20230207-WA0005-300x225.jpg 300w, https:\/\/hcc-karneval.de\/wp-content\/uploads\/2023\/11\/IMG-20230207-WA0005-768x577.jpg 768w, https:\/\/hcc-karneval.de\/wp-content\/uploads\/2023\/11\/IMG-20230207-WA0005.jpg 1024w\" sizes=\"100vw\" \/><\/a>\n\t\t\t<\/div><\/figure>\n\t\t<\/div>\n\t\t<\/div>\n\t\t\t\t<\/div>\n\t\t\t\t<\/div>\n\t\t\t\t<div class=\"elementor-element elementor-element-2c2ba78 elementor-widget elementor-widget-text-editor\" data-id=\"2c2ba78\" data-element_type=\"widget\" data-widget_type=\"text-editor.default\">\n\t\t\t\t<div class=\"elementor-widget-container\">\n\t\t\t\t\t\t\t\t<div class=\"elementor-text-editor elementor-clearfix\">\n\t\t\t\t<p>Die Feuerfunken ist die gr\u00f6\u00dfte Garde des Hambr\u00fccker Carnevals Clubs und wird vom Sitzungspr\u00e4sidenten auch gerne als das \u201eAush\u00e4ngeschild der Vereins\u201c betitelt.<br \/><span style=\"font-size: 1rem\">M\u00e4dels ab 15\/16 Jahren trainieren 1-2 die Woche um bei der j\u00e4hrlichen Prunksitzung sprichw\u00f6rtlich die Funken fliegen zu lassen.<br \/><\/span><span style=\"font-size: 1rem\">Gro\u00dfen Wert legen die Trainerinnen auf Marschschritte, Spagat und Beinf\u00fchrung.<\/span><\/p><p><span style=\"font-size: 1rem\">Aber auch au\u00dferhalb des Trainings wird Zusammenhalt gro\u00df geschrieben.\u00a0<\/span><span style=\"font-size: 1rem\">Mehrere Ausfl\u00fcge im Jahr oder auch mal ein Eis nach dem Training darf nicht fehlen.<\/span><\/p>\t\t\t\t\t<\/div>\n\t\t\t\t\t\t<\/div>\n\t\t\t\t<\/div>\n\t\t\t\t\t\t<\/div>\n\t\t\t\t\t<\/div>\n\t\t<\/div>\n\t\t\t\t\t\t\t\t<\/div>\n\t\t\t\t\t<\/div>\n\t\t<\/section>\n\t\t\t\t\t\t\t\t\t<\/div>\n\t\t\t<\/div>\n\t\t\t\t\t<\/div>\n\t\t","protected":false},"excerpt":{"rendered":"<p>Feuerfunken Trainerin Susanne Rhein Lea R\u00f6sch Selina Herberger Kontakt Feuerfunken@hcc-karneval.de Die Feuerfunken ist die gr\u00f6\u00dfte Garde des Hambr\u00fccker Carnevals Clubs und wird vom Sitzungspr\u00e4sidenten auch gerne als das \u201eAush\u00e4ngeschild der Vereins\u201c betitelt. M\u00e4dels ab 15\/16 Jahren trainieren 1-2 die Woche um bei der j\u00e4hrlichen Prunksitzung sprichw\u00f6rtlich die Funken fliegen zu lassen. Gro\u00dfen Wert legen die &hellip; <\/p>\n<p class=\"link-more\"><a href=\"https:\/\/hcc-karneval.de\/?page_id=797\" class=\"more-link\"><span class=\"screen-reader-text\">\u201eFeuerfunken\u201c <\/span>weiterlesen<\/a><\/p>\n","protected":false},"author":4,"featured_media":0,"parent":57,"menu_order":0,"comment_status":"closed","ping_status":"closed","template":"elementor_header_footer","meta":[],"_links":{"self":[{"href":"https:\/\/hcc-karneval.de\/index.php?rest_route=\/wp\/v2\/pages\/797"}],"collection":[{"href":"https:\/\/hcc-karneval.de\/index.php?rest_route=\/wp\/v2\/pages"}],"about":[{"href":"https:\/\/hcc-karneval.de\/index.php?rest_route=\/wp\/v2\/types\/page"}],"author":[{"embeddable":true,"href":"https:\/\/hcc-karneval.de\/index.php?rest_route=\/wp\/v2\/users\/4"}],"replies":[{"embeddable":true,"href":"https:\/\/hcc-karneval.de\/index.php?rest_route=%2Fwp%2Fv2%2Fcomments&post=797"}],"version-history":[{"count":29,"href":"https:\/\/hcc-karneval.de\/index.php?rest_route=\/wp\/v2\/pages\/797\/revisions"}],"predecessor-version":[{"id":1983,"href":"https:\/\/hcc-karneval.de\/index.php?rest_route=\/wp\/v2\/pages\/797\/revisions\/1983"}],"up":[{"embeddable":true,"href":"https:\/\/hcc-karneval.de\/index.php?rest_route=\/wp\/v2\/pages\/57"}],"wp:attachment":[{"href":"https:\/\/hcc-karneval.de\/index.php?rest_route=%2Fwp%2Fv2%2Fmedia&parent=797"}],"curies":[{"name":"wp","href":"https:\/\/api.w.org\/{rel}","templated":true}]}}